{"id":10650,"date":"2024-08-19T16:01:44","date_gmt":"2024-08-19T14:01:44","guid":{"rendered":"https:\/\/ekovoltis.pl\/autoinstalator\/wordpressplus\/?page_id=10650"},"modified":"2025-07-04T12:39:40","modified_gmt":"2025-07-04T10:39:40","slug":"blog","status":"publish","type":"page","link":"https:\/\/ekovoltis.pl\/autoinstalator\/wordpressplus\/blog\/","title":{"rendered":"Blog"},"content":{"rendered":"\t\t<div data-elementor-type=\"wp-page\" data-elementor-id=\"10650\" class=\"elementor elementor-10650\" data-elementor-post-type=\"page\">\n\t\t\t\t\t\t<section class=\"elementor-section elementor-top-section elementor-element elementor-element-816e246 news-banner elementor-section-boxed elementor-section-height-default elementor-section-height-default\" data-id=\"816e246\" data-element_type=\"section\" data-settings=\"{&quot;background_background&quot;:&quot;classic&quot;}\">\n\t\t\t\t\t\t<div class=\"elementor-container elementor-column-gap-default\">\n\t\t\t\t\t<div class=\"elementor-column elementor-col-100 elementor-top-column elementor-element elementor-element-d226468\" data-id=\"d226468\" data-element_type=\"column\" data-settings=\"{&quot;background_background&quot;:&quot;gradient&quot;}\">\n\t\t\t<div class=\"elementor-widget-wrap elementor-element-populated\">\n\t\t\t\t\t\t<section class=\"elementor-section elementor-inner-section elementor-element elementor-element-e1bc835 news-title-bg elementor-section-boxed elementor-section-height-default elementor-section-height-default\" data-id=\"e1bc835\" data-element_type=\"section\" data-settings=\"{&quot;background_background&quot;:&quot;classic&quot;,&quot;xpro_backdrop_filter&quot;:&quot;yes&quot;}\">\n\t\t\t\t\t\t<div class=\"elementor-container elementor-column-gap-default\">\n\t\t\t\t\t<div class=\"elementor-column elementor-col-100 elementor-inner-column elementor-element elementor-element-edf9e78\" data-id=\"edf9e78\" data-element_type=\"column\" data-settings=\"{&quot;background_background&quot;:&quot;classic&quot;}\">\n\t\t\t<div class=\"elementor-widget-wrap elementor-element-populated\">\n\t\t\t\t\t\t<div class=\"elementor-element elementor-element-267899a elementor-widget elementor-widget-spacer\" data-id=\"267899a\" data-element_type=\"widget\" data-widget_type=\"spacer.default\">\n\t\t\t\t<div class=\"elementor-widget-container\">\n\t\t\t\t\t\t\t<div class=\"elementor-spacer\">\n\t\t\t<div class=\"elementor-spacer-inner\"><\/div>\n\t\t<\/div>\n\t\t\t\t\t\t<\/div>\n\t\t\t\t<\/div>\n\t\t\t\t<div class=\"elementor-element elementor-element-cd96e02 news-title elementor-widget elementor-widget-heading\" data-id=\"cd96e02\" data-element_type=\"widget\" data-widget_type=\"heading.default\">\n\t\t\t\t<div class=\"elementor-widget-container\">\n\t\t\t\t\t<h1 class=\"elementor-heading-title elementor-size-default\">Blog<\/h1>\t\t\t\t<\/div>\n\t\t\t\t<\/div>\n\t\t\t\t<div class=\"elementor-element elementor-element-9a49b28 elementor-widget elementor-widget-spacer\" data-id=\"9a49b28\" data-element_type=\"widget\" data-widget_type=\"spacer.default\">\n\t\t\t\t<div class=\"elementor-widget-container\">\n\t\t\t\t\t\t\t<div class=\"elementor-spacer\">\n\t\t\t<div class=\"elementor-spacer-inner\"><\/div>\n\t\t<\/div>\n\t\t\t\t\t\t<\/div>\n\t\t\t\t<\/div>\n\t\t\t\t\t<\/div>\n\t\t<\/div>\n\t\t\t\t\t<\/div>\n\t\t<\/section>\n\t\t\t\t\t<\/div>\n\t\t<\/div>\n\t\t\t\t\t<\/div>\n\t\t<\/section>\n\t\t\t\t<section class=\"elementor-section elementor-top-section elementor-element elementor-element-6cb9b49 elementor-section-boxed elementor-section-height-default elementor-section-height-default\" data-id=\"6cb9b49\" data-element_type=\"section\">\n\t\t\t\t\t\t<div class=\"elementor-container elementor-column-gap-default\">\n\t\t\t\t\t<div class=\"elementor-column elementor-col-100 elementor-top-column elementor-element elementor-element-36790f3\" data-id=\"36790f3\" data-element_type=\"column\">\n\t\t\t<div class=\"elementor-widget-wrap\">\n\t\t\t\t\t\t\t<\/div>\n\t\t<\/div>\n\t\t\t\t\t<\/div>\n\t\t<\/section>\n\t\t\t\t<section class=\"elementor-section elementor-top-section elementor-element elementor-element-18fa1e9 elementor-section-boxed elementor-section-height-default elementor-section-height-default\" data-id=\"18fa1e9\" data-element_type=\"section\">\n\t\t\t\t\t\t<div class=\"elementor-container elementor-column-gap-default\">\n\t\t\t\t\t<div class=\"elementor-column elementor-col-100 elementor-top-column elementor-element elementor-element-5c8a095\" data-id=\"5c8a095\" data-element_type=\"column\">\n\t\t\t<div class=\"elementor-widget-wrap elementor-element-populated\">\n\t\t\t\t\t\t<div class=\"elementor-element elementor-element-0040161 xpro-post-grid-align-left blog-grid elementor-widget-laptop__width-initial elementor-widget elementor-widget-xpro-post-grid\" data-id=\"0040161\" data-element_type=\"widget\" data-settings=\"{&quot;column_grid&quot;:&quot;3&quot;,&quot;column_grid_tablet&quot;:&quot;2&quot;,&quot;column_grid_mobile&quot;:&quot;1&quot;,&quot;image_height&quot;:{&quot;unit&quot;:&quot;px&quot;,&quot;size&quot;:&quot;&quot;,&quot;sizes&quot;:[]},&quot;image_height_laptop&quot;:{&quot;unit&quot;:&quot;px&quot;,&quot;size&quot;:&quot;&quot;,&quot;sizes&quot;:[]},&quot;image_height_tablet&quot;:{&quot;unit&quot;:&quot;px&quot;,&quot;size&quot;:&quot;&quot;,&quot;sizes&quot;:[]},&quot;image_height_mobile&quot;:{&quot;unit&quot;:&quot;px&quot;,&quot;size&quot;:&quot;&quot;,&quot;sizes&quot;:[]},&quot;space_between&quot;:{&quot;unit&quot;:&quot;px&quot;,&quot;size&quot;:15,&quot;sizes&quot;:[]},&quot;space_between_laptop&quot;:{&quot;unit&quot;:&quot;px&quot;,&quot;size&quot;:&quot;&quot;,&quot;sizes&quot;:[]},&quot;space_between_tablet&quot;:{&quot;unit&quot;:&quot;px&quot;,&quot;size&quot;:15,&quot;sizes&quot;:[]},&quot;space_between_mobile&quot;:{&quot;unit&quot;:&quot;px&quot;,&quot;size&quot;:15,&quot;sizes&quot;:[]},&quot;content_height&quot;:{&quot;unit&quot;:&quot;px&quot;,&quot;size&quot;:&quot;&quot;,&quot;sizes&quot;:[]},&quot;content_height_laptop&quot;:{&quot;unit&quot;:&quot;px&quot;,&quot;size&quot;:&quot;&quot;,&quot;sizes&quot;:[]},&quot;content_height_tablet&quot;:{&quot;unit&quot;:&quot;px&quot;,&quot;size&quot;:&quot;&quot;,&quot;sizes&quot;:[]},&quot;content_height_mobile&quot;:{&quot;unit&quot;:&quot;px&quot;,&quot;size&quot;:&quot;&quot;,&quot;sizes&quot;:[]}}\" data-widget_type=\"xpro-post-grid.default\">\n\t\t\t\t<div class=\"elementor-widget-container\">\n\t\t\t\t\t\n\t\t<div class=\"xpro-post-grid-wrapper xpro-post-grid-layout-1\">\n\n\t\t\t\n\t\t\t\t<div class=\"xpro-post-grid-main cbp\">\n\n\t\t\t\t\t\n<div class=\"cbp-item xpro-post-grid-item\">\n\t\t\t<div class=\"xpro-post-grid-image\">\n\t\t\t<img decoding=\"async\" width=\"300\" height=\"125\" src=\"https:\/\/ekovoltis.pl\/autoinstalator\/wordpressplus\/wp-content\/uploads\/2025\/07\/Projekt-bez-nazwy-3-300x125.png\" class=\"attachment-medium size-medium\" alt=\"\" srcset=\"https:\/\/ekovoltis.pl\/autoinstalator\/wordpressplus\/wp-content\/uploads\/2025\/07\/Projekt-bez-nazwy-3-300x125.png 300w, https:\/\/ekovoltis.pl\/autoinstalator\/wordpressplus\/wp-content\/uploads\/2025\/07\/Projekt-bez-nazwy-3-1024x427.png 1024w, https:\/\/ekovoltis.pl\/autoinstalator\/wordpressplus\/wp-content\/uploads\/2025\/07\/Projekt-bez-nazwy-3-768x320.png 768w, https:\/\/ekovoltis.pl\/autoinstalator\/wordpressplus\/wp-content\/uploads\/2025\/07\/Projekt-bez-nazwy-3.png 1050w\" sizes=\"(max-width: 300px) 100vw, 300px\" \/>\t\t\t\t\t<\/div>\n\t\n\t<div class=\"xpro-post-grid-content\">\n\n\t\t\n\t\t\t\t\t<ul class=\"xpro-post-grid-meta-list\">\n\t\t\t\t\t\t\t\t\t\t\t\t\t\t\t<li class=\"xpro-post-grid-meta-date\">\n\t\t\t\t\t\t\t<i aria-hidden=\"true\" class=\"far fa-calendar\"><\/i>\t\t\t\t\t\t\t2025-07-18\t\t\t\t\t\t<\/li>\n\t\t\t\t\t\t\t\t\t\t\t\t\t\t\t\n\t\t\t\t\t\t\t<\/ul>\n\t\t\n\t\t<a href=\"https:\/\/ekovoltis.pl\/autoinstalator\/wordpressplus\/ekovoltis-rozpoczyna-projekt-badawczo-rozwojowy-ai-enabled-24-7-green-power\/\">\n\t\t\t<h2 class=\"xpro-post-grid-title\">Ekovoltis rozpoczyna projekt badawczo-rozwojowy &#8211;  \u201eAI-enabled 24\/7 Green Power\u201d<\/h2>\n\t\t<\/a>\n\n\t\t\n\t\t\t\t\t<p class=\"xpro-post-grid-excerpt\">Ekovoltis sp\u00f3\u0142ka obrotu energi\u0105 elektryczn\u0105 pochodz\u0105c\u0105 ze \u017ar\u00f3de\u0142 odnawialnych nale\u017c\u0105ca do grupy kapita\u0142owej MS Galleon GmbH, uruchamia prace B+R...<\/p>\n\t\t\t\t\t\t\t<a href=\"https:\/\/ekovoltis.pl\/autoinstalator\/wordpressplus\/ekovoltis-rozpoczyna-projekt-badawczo-rozwojowy-ai-enabled-24-7-green-power\/\" class=\"xpro-post-grid-btn\">Czytaj wi\u0119cej<\/a>\n\t\t\t\t\n\t\t\n\t<\/div>\n<\/div>\n\n<div class=\"cbp-item xpro-post-grid-item\">\n\t\t\t<div class=\"xpro-post-grid-image\">\n\t\t\t<img fetchpriority=\"high\" decoding=\"async\" width=\"300\" height=\"193\" src=\"https:\/\/ekovoltis.pl\/autoinstalator\/wordpressplus\/wp-content\/uploads\/2025\/07\/modernizacja-automatyki-integracji-przemyslowej-300x193.jpg\" class=\"attachment-medium size-medium\" alt=\"\" srcset=\"https:\/\/ekovoltis.pl\/autoinstalator\/wordpressplus\/wp-content\/uploads\/2025\/07\/modernizacja-automatyki-integracji-przemyslowej-300x193.jpg 300w, https:\/\/ekovoltis.pl\/autoinstalator\/wordpressplus\/wp-content\/uploads\/2025\/07\/modernizacja-automatyki-integracji-przemyslowej-1024x660.jpg 1024w, https:\/\/ekovoltis.pl\/autoinstalator\/wordpressplus\/wp-content\/uploads\/2025\/07\/modernizacja-automatyki-integracji-przemyslowej-768x495.jpg 768w, https:\/\/ekovoltis.pl\/autoinstalator\/wordpressplus\/wp-content\/uploads\/2025\/07\/modernizacja-automatyki-integracji-przemyslowej-1536x989.jpg 1536w, https:\/\/ekovoltis.pl\/autoinstalator\/wordpressplus\/wp-content\/uploads\/2025\/07\/modernizacja-automatyki-integracji-przemyslowej-2048x1319.jpg 2048w\" sizes=\"(max-width: 300px) 100vw, 300px\" \/>\t\t\t\t\t<\/div>\n\t\n\t<div class=\"xpro-post-grid-content\">\n\n\t\t\n\t\t\t\t\t<ul class=\"xpro-post-grid-meta-list\">\n\t\t\t\t\t\t\t\t\t\t\t\t\t\t\t<li class=\"xpro-post-grid-meta-date\">\n\t\t\t\t\t\t\t<i aria-hidden=\"true\" class=\"far fa-calendar\"><\/i>\t\t\t\t\t\t\t2025-07-14\t\t\t\t\t\t<\/li>\n\t\t\t\t\t\t\t\t\t\t\t\t\t\t\t\n\t\t\t\t\t\t\t<\/ul>\n\t\t\n\t\t<a href=\"https:\/\/ekovoltis.pl\/autoinstalator\/wordpressplus\/ruszyl-centralny-system-informacji-rynku-energii-csire-1-lipca-2025-r-9-lipca-2025\/\">\n\t\t\t<h2 class=\"xpro-post-grid-title\">Ruszy\u0142 Centralny System Informacji Rynku Energii (CSIRE) &#8211; 1 lipca 2025 r.\u200b<\/h2>\n\t\t<\/a>\n\n\t\t\n\t\t\t\t\t<p class=\"xpro-post-grid-excerpt\">W dniu 1 lipca 2025 uruchomiono produkcyjnie proces wdro\u017cenia Centralnego Systemu Informacji Rynku Energii (dalej CSIRE) dla wybranych podmiot\u00f3w...<\/p>\n\t\t\t\t\t\t\t<a href=\"https:\/\/ekovoltis.pl\/autoinstalator\/wordpressplus\/ruszyl-centralny-system-informacji-rynku-energii-csire-1-lipca-2025-r-9-lipca-2025\/\" class=\"xpro-post-grid-btn\">Czytaj wi\u0119cej<\/a>\n\t\t\t\t\n\t\t\n\t<\/div>\n<\/div>\n\n<div class=\"cbp-item xpro-post-grid-item\">\n\t\t\t<div class=\"xpro-post-grid-image\">\n\t\t\t<img decoding=\"async\" width=\"300\" height=\"200\" src=\"https:\/\/ekovoltis.pl\/autoinstalator\/wordpressplus\/wp-content\/uploads\/2025\/07\/przewody-elektryczne-z-chmurami-300x200.jpg\" class=\"attachment-medium size-medium\" alt=\"\" srcset=\"https:\/\/ekovoltis.pl\/autoinstalator\/wordpressplus\/wp-content\/uploads\/2025\/07\/przewody-elektryczne-z-chmurami-300x200.jpg 300w, https:\/\/ekovoltis.pl\/autoinstalator\/wordpressplus\/wp-content\/uploads\/2025\/07\/przewody-elektryczne-z-chmurami-1024x682.jpg 1024w, https:\/\/ekovoltis.pl\/autoinstalator\/wordpressplus\/wp-content\/uploads\/2025\/07\/przewody-elektryczne-z-chmurami-768x512.jpg 768w, https:\/\/ekovoltis.pl\/autoinstalator\/wordpressplus\/wp-content\/uploads\/2025\/07\/przewody-elektryczne-z-chmurami-1536x1024.jpg 1536w, https:\/\/ekovoltis.pl\/autoinstalator\/wordpressplus\/wp-content\/uploads\/2025\/07\/przewody-elektryczne-z-chmurami-2048x1365.jpg 2048w\" sizes=\"(max-width: 300px) 100vw, 300px\" \/>\t\t\t\t\t<\/div>\n\t\n\t<div class=\"xpro-post-grid-content\">\n\n\t\t\n\t\t\t\t\t<ul class=\"xpro-post-grid-meta-list\">\n\t\t\t\t\t\t\t\t\t\t\t\t\t\t\t<li class=\"xpro-post-grid-meta-date\">\n\t\t\t\t\t\t\t<i aria-hidden=\"true\" class=\"far fa-calendar\"><\/i>\t\t\t\t\t\t\t2025-07-10\t\t\t\t\t\t<\/li>\n\t\t\t\t\t\t\t\t\t\t\t\t\t\t\t\n\t\t\t\t\t\t\t<\/ul>\n\t\t\n\t\t<a href=\"https:\/\/ekovoltis.pl\/autoinstalator\/wordpressplus\/nowe-zasady-sprzedazy-rezerwowej-energii-elektrycznej-1-lipca-2025-r\/\">\n\t\t\t<h2 class=\"xpro-post-grid-title\">Nowe zasady sprzeda\u017cy rezerwowej energii elektrycznej &#8211; 1 lipca 2025 r.<\/h2>\n\t\t<\/a>\n\n\t\t\n\t\t\t\t\t<p class=\"xpro-post-grid-excerpt\">Od 1 lipca 2025 r. wesz\u0142y w \u017cycie nowe zasady dotycz\u0105ce sprzeda\u017cy rezerwowej energii elektrycznej, kt\u00f3re znacz\u0105co zmieniaj\u0105 dotychczasowy...<\/p>\n\t\t\t\t\t\t\t<a href=\"https:\/\/ekovoltis.pl\/autoinstalator\/wordpressplus\/nowe-zasady-sprzedazy-rezerwowej-energii-elektrycznej-1-lipca-2025-r\/\" class=\"xpro-post-grid-btn\">Czytaj wi\u0119cej<\/a>\n\t\t\t\t\n\t\t\n\t<\/div>\n<\/div>\n\n<div class=\"cbp-item xpro-post-grid-item\">\n\t\t\t<div class=\"xpro-post-grid-image\">\n\t\t\t<img loading=\"lazy\" decoding=\"async\" width=\"225\" height=\"300\" src=\"https:\/\/ekovoltis.pl\/autoinstalator\/wordpressplus\/wp-content\/uploads\/2025\/07\/Piotr_LG-225x300.jpeg\" class=\"attachment-medium size-medium\" alt=\"\" srcset=\"https:\/\/ekovoltis.pl\/autoinstalator\/wordpressplus\/wp-content\/uploads\/2025\/07\/Piotr_LG-225x300.jpeg 225w, https:\/\/ekovoltis.pl\/autoinstalator\/wordpressplus\/wp-content\/uploads\/2025\/07\/Piotr_LG-768x1024.jpeg 768w, https:\/\/ekovoltis.pl\/autoinstalator\/wordpressplus\/wp-content\/uploads\/2025\/07\/Piotr_LG-1152x1536.jpeg 1152w, https:\/\/ekovoltis.pl\/autoinstalator\/wordpressplus\/wp-content\/uploads\/2025\/07\/Piotr_LG-1536x2048.jpeg 1536w, https:\/\/ekovoltis.pl\/autoinstalator\/wordpressplus\/wp-content\/uploads\/2025\/07\/Piotr_LG.jpeg 1920w\" sizes=\"(max-width: 225px) 100vw, 225px\" \/>\t\t\t\t\t<\/div>\n\t\n\t<div class=\"xpro-post-grid-content\">\n\n\t\t\n\t\t\t\t\t<ul class=\"xpro-post-grid-meta-list\">\n\t\t\t\t\t\t\t\t\t\t\t\t\t\t\t<li class=\"xpro-post-grid-meta-date\">\n\t\t\t\t\t\t\t<i aria-hidden=\"true\" class=\"far fa-calendar\"><\/i>\t\t\t\t\t\t\t2025-07-08\t\t\t\t\t\t<\/li>\n\t\t\t\t\t\t\t\t\t\t\t\t\t\t\t\n\t\t\t\t\t\t\t<\/ul>\n\t\t\n\t\t<a href=\"https:\/\/ekovoltis.pl\/autoinstalator\/wordpressplus\/ekovoltis-dostarczy-zielona-energie-dla-lg-electronics-podpisano-dwuletnia-umowe\/\">\n\t\t\t<h2 class=\"xpro-post-grid-title\">Ekovoltis dostarczy energi\u0119 elektryczn\u0105 dla LG Electronics \u2013 podpisano dwuletni\u0105 umow\u0119<\/h2>\n\t\t<\/a>\n\n\t\t\n\t\t\t\t\t<p class=\"xpro-post-grid-excerpt\">Ekovoltis, sp\u00f3\u0142ka nale\u017c\u0105ca do grupy firm Micha\u0142a So\u0142owowa i specjalizuj\u0105ca si\u0119 w dostawach energii elektrycznej pochodz\u0105cej z odnawialnych \u017ar\u00f3de\u0142,...<\/p>\n\t\t\t\t\t\t\t<a href=\"https:\/\/ekovoltis.pl\/autoinstalator\/wordpressplus\/ekovoltis-dostarczy-zielona-energie-dla-lg-electronics-podpisano-dwuletnia-umowe\/\" class=\"xpro-post-grid-btn\">Czytaj wi\u0119cej<\/a>\n\t\t\t\t\n\t\t\n\t<\/div>\n<\/div>\n\n<div class=\"cbp-item xpro-post-grid-item\">\n\t\t\t<div class=\"xpro-post-grid-image\">\n\t\t\t<img loading=\"lazy\" decoding=\"async\" width=\"300\" height=\"225\" src=\"https:\/\/ekovoltis.pl\/autoinstalator\/wordpressplus\/wp-content\/uploads\/2025\/06\/pexels-weekendplayer-132340-300x225.jpg\" class=\"attachment-medium size-medium\" alt=\"\" srcset=\"https:\/\/ekovoltis.pl\/autoinstalator\/wordpressplus\/wp-content\/uploads\/2025\/06\/pexels-weekendplayer-132340-300x225.jpg 300w, https:\/\/ekovoltis.pl\/autoinstalator\/wordpressplus\/wp-content\/uploads\/2025\/06\/pexels-weekendplayer-132340-1024x768.jpg 1024w, https:\/\/ekovoltis.pl\/autoinstalator\/wordpressplus\/wp-content\/uploads\/2025\/06\/pexels-weekendplayer-132340-768x576.jpg 768w, https:\/\/ekovoltis.pl\/autoinstalator\/wordpressplus\/wp-content\/uploads\/2025\/06\/pexels-weekendplayer-132340.jpg 1280w\" sizes=\"(max-width: 300px) 100vw, 300px\" \/>\t\t\t\t\t<\/div>\n\t\n\t<div class=\"xpro-post-grid-content\">\n\n\t\t\n\t\t\t\t\t<ul class=\"xpro-post-grid-meta-list\">\n\t\t\t\t\t\t\t\t\t\t\t\t\t\t\t<li class=\"xpro-post-grid-meta-date\">\n\t\t\t\t\t\t\t<i aria-hidden=\"true\" class=\"far fa-calendar\"><\/i>\t\t\t\t\t\t\t2025-06-26\t\t\t\t\t\t<\/li>\n\t\t\t\t\t\t\t\t\t\t\t\t\t\t\t\n\t\t\t\t\t\t\t<\/ul>\n\t\t\n\t\t<a href=\"https:\/\/ekovoltis.pl\/autoinstalator\/wordpressplus\/zmiany-regulacyjne-na-rynku-energii\/\">\n\t\t\t<h2 class=\"xpro-post-grid-title\">Zmiany regulacyjne na rynku energii<\/h2>\n\t\t<\/a>\n\n\t\t\n\t\t\t\t\t<p class=\"xpro-post-grid-excerpt\">Rynek energii w Polsce przechodzi obecnie istotne zmiany regulacyjne, kt\u00f3re maj\u0105 na celu dostosowanie krajowego sektora energetycznego do wymog\u00f3w...<\/p>\n\t\t\t\t\t\t\t<a href=\"https:\/\/ekovoltis.pl\/autoinstalator\/wordpressplus\/zmiany-regulacyjne-na-rynku-energii\/\" class=\"xpro-post-grid-btn\">Czytaj wi\u0119cej<\/a>\n\t\t\t\t\n\t\t\n\t<\/div>\n<\/div>\n\n<div class=\"cbp-item xpro-post-grid-item\">\n\t\t\t<div class=\"xpro-post-grid-image\">\n\t\t\t<img loading=\"lazy\" decoding=\"async\" width=\"300\" height=\"200\" src=\"https:\/\/ekovoltis.pl\/autoinstalator\/wordpressplus\/wp-content\/uploads\/2025\/06\/pexels-soakedinnirvana-2646237-300x200.jpg\" class=\"attachment-medium size-medium\" alt=\"\" srcset=\"https:\/\/ekovoltis.pl\/autoinstalator\/wordpressplus\/wp-content\/uploads\/2025\/06\/pexels-soakedinnirvana-2646237-300x200.jpg 300w, https:\/\/ekovoltis.pl\/autoinstalator\/wordpressplus\/wp-content\/uploads\/2025\/06\/pexels-soakedinnirvana-2646237-1024x682.jpg 1024w, https:\/\/ekovoltis.pl\/autoinstalator\/wordpressplus\/wp-content\/uploads\/2025\/06\/pexels-soakedinnirvana-2646237-768x512.jpg 768w, https:\/\/ekovoltis.pl\/autoinstalator\/wordpressplus\/wp-content\/uploads\/2025\/06\/pexels-soakedinnirvana-2646237.jpg 1280w\" sizes=\"(max-width: 300px) 100vw, 300px\" \/>\t\t\t\t\t<\/div>\n\t\n\t<div class=\"xpro-post-grid-content\">\n\n\t\t\n\t\t\t\t\t<ul class=\"xpro-post-grid-meta-list\">\n\t\t\t\t\t\t\t\t\t\t\t\t\t\t\t<li class=\"xpro-post-grid-meta-date\">\n\t\t\t\t\t\t\t<i aria-hidden=\"true\" class=\"far fa-calendar\"><\/i>\t\t\t\t\t\t\t2025-06-26\t\t\t\t\t\t<\/li>\n\t\t\t\t\t\t\t\t\t\t\t\t\t\t\t\n\t\t\t\t\t\t\t<\/ul>\n\t\t\n\t\t<a href=\"https:\/\/ekovoltis.pl\/autoinstalator\/wordpressplus\/dlaczego-powinnismy-odejsc-od-pradu-z-wegla\/\">\n\t\t\t<h2 class=\"xpro-post-grid-title\">Dlaczego powinni\u015bmy odej\u015b\u0107 od pr\u0105du z w\u0119gla?<\/h2>\n\t\t<\/a>\n\n\t\t\n\t\t\t\t\t<p class=\"xpro-post-grid-excerpt\">W obliczu globalnych wyzwa\u0144 klimatycznych i rosn\u0105cych koszt\u00f3w surowc\u00f3w kopalnych odej\u015bcie od w\u0119gla staje si\u0119 nieuniknionym krokiem ku zr\u00f3wnowa\u017conej...<\/p>\n\t\t\t\t\t\t\t<a href=\"https:\/\/ekovoltis.pl\/autoinstalator\/wordpressplus\/dlaczego-powinnismy-odejsc-od-pradu-z-wegla\/\" class=\"xpro-post-grid-btn\">Czytaj wi\u0119cej<\/a>\n\t\t\t\t\n\t\t\n\t<\/div>\n<\/div>\n\n\t\t\t\t<\/div>\n\n\t\t\t\t\n\t\t\t\t\t<nav class=\"xpro-elementor-post-pagination\" role=\"navigation\"\n\t\t\t\t\t\t aria-label=\"Pagination\">\n\t\t\t\t\t\t<span aria-current=\"page\" class=\"page-numbers current\">1<\/span>\n<a class=\"page-numbers\" href=\"https:\/\/ekovoltis.pl\/autoinstalator\/wordpressplus\/wp-json\/wp\/v2\/pages\/10650\/page\/2\/\">2<\/a>\n<a class=\"page-numbers\" href=\"https:\/\/ekovoltis.pl\/autoinstalator\/wordpressplus\/wp-json\/wp\/v2\/pages\/10650\/page\/3\/\">3<\/a>\n<span class=\"page-numbers dots\">&hellip;<\/span>\n<a class=\"page-numbers\" href=\"https:\/\/ekovoltis.pl\/autoinstalator\/wordpressplus\/wp-json\/wp\/v2\/pages\/10650\/page\/11\/\">11<\/a>\n<a class=\"next page-numbers\" href=\"https:\/\/ekovoltis.pl\/autoinstalator\/wordpressplus\/wp-json\/wp\/v2\/pages\/10650\/page\/2\/\"><span class=\"xpro-elementor-post-pagination-next-text\">Nast\u0119pna<\/span><i class=\"fasfa-arrow-circle-right\"><\/i><\/a>\t\t\t\t\t<\/nav>\n\n\t\t\t\t\t\n\t\t<\/div>\n\n\t\t\t\t\t\t<\/div>\n\t\t\t\t<\/div>\n\t\t\t\t\t<\/div>\n\t\t<\/div>\n\t\t\t\t\t<\/div>\n\t\t<\/section>\n\t\t\t\t<section class=\"elementor-section elementor-top-section elementor-element elementor-element-41a937c elementor-section-boxed elementor-section-height-default elementor-section-height-default\" data-id=\"41a937c\" data-element_type=\"section\">\n\t\t\t\t\t\t<div class=\"elementor-container elementor-column-gap-default\">\n\t\t\t\t\t<div class=\"elementor-column elementor-col-100 elementor-top-column elementor-element elementor-element-e534c9c\" data-id=\"e534c9c\" data-element_type=\"column\">\n\t\t\t<div class=\"elementor-widget-wrap elementor-element-populated\">\n\t\t\t\t\t\t<div class=\"elementor-element elementor-element-7e2faf5 elementor-widget elementor-widget-html\" data-id=\"7e2faf5\" data-element_type=\"widget\" data-widget_type=\"html.default\">\n\t\t\t\t<div class=\"elementor-widget-container\">\n\t\t\t\t\t<script>\ndocument.addEventListener('DOMContentLoaded', function() {\n    const blogPosts = document.querySelectorAll('.xpro-post-grid-item');\n    const blogSchema = {\n        \"@context\": \"https:\/autoinstalator\/wordpressplus\/schema.org\",\n        \"@type\": \"Blog\",\n        \"blogPost\": []\n    };\n\n    blogPosts.forEach(post => {\n        const title = post.querySelector('.xpro-post-grid-title').innerText;\n        const url = post.querySelector('a').href;\n        const datePublished = post.querySelector('.xpro-post-grid-meta-date').innerText.trim();\n        const description = post.querySelector('.xpro-post-grid-excerpt').innerText;\n        const imageUrl = post.querySelector('.xpro-post-grid-image img').src;\n\n        const blogPosting = {\n            \"@type\": \"BlogPosting\",\n            \"headline\": title,\n            \"url\": url,\n            \"datePublished\": datePublished,\n            \"description\": description,\n            \"image\": imageUrl\n        };\n\n        blogSchema.blogPost.push(blogPosting);\n    });\n\n    const script = document.createElement('script');\n    script.type = 'application\/ld+json';\n    script.text = JSON.stringify(blogSchema);\n    document.head.appendChild(script);\n});\n<\/script>\t\t\t\t<\/div>\n\t\t\t\t<\/div>\n\t\t\t\t\t<\/div>\n\t\t<\/div>\n\t\t\t\t\t<\/div>\n\t\t<\/section>\n\t\t\t\t<\/div>\n\t\t","protected":false},"excerpt":{"rendered":"<p>Blog 2025-06-26 Zmiany regulacyjne na rynku energii Rynek energii w Polsce przechodzi obecnie istotne zmiany regulacyjne, kt\u00f3re maj\u0105 na celu dostosowanie krajowego sektora energetycznego do wymog\u00f3w&#8230; Czytaj wi\u0119cej 2025-06-26 Dlaczego powinni\u015bmy odej\u015b\u0107 od pr\u0105du z w\u0119gla? W obliczu globalnych wyzwa\u0144 klimatycznych i rosn\u0105cych koszt\u00f3w surowc\u00f3w kopalnych odej\u015bcie od w\u0119gla staje si\u0119 nieuniknionym krokiem ku zr\u00f3wnowa\u017conej&#8230; [&hellip;]<\/p>\n","protected":false},"author":3,"featured_media":0,"parent":0,"menu_order":0,"comment_status":"closed","ping_status":"closed","template":"","meta":{"site-sidebar-layout":"no-sidebar","site-content-layout":"page-builder","ast-site-content-layout":"default","site-content-style":"default","site-sidebar-style":"default","ast-global-header-display":"","ast-banner-title-visibility":"","ast-main-header-display":"","ast-hfb-above-header-display":"","ast-hfb-below-header-display":"","ast-hfb-mobile-header-display":"","site-post-title":"disabled","ast-breadcrumbs-content":"","ast-featured-img":"disabled","footer-sml-layout":"","theme-transparent-header-meta":"default","adv-header-id-meta":"","stick-header-meta":"","header-above-stick-meta":"","header-main-stick-meta":"","header-below-stick-meta":"","astra-migrate-meta-layouts":"default","ast-page-background-enabled":"default","ast-page-background-meta":{"desktop":{"background-color":"","background-image":"","background-repeat":"repeat","background-position":"center center","background-size":"auto","background-attachment":"scroll","background-type":"","background-media":"","overlay-type":"","overlay-color":"","overlay-opacity":"","overlay-gradient":""},"tablet":{"background-color":"","background-image":"","background-repeat":"repeat","background-position":"center center","background-size":"auto","background-attachment":"scroll","background-type":"","background-media":"","overlay-type":"","overlay-color":"","overlay-opacity":"","overlay-gradient":""},"mobile":{"background-color":"","background-image":"","background-repeat":"repeat","background-position":"center center","background-size":"auto","background-attachment":"scroll","background-type":"","background-media":"","overlay-type":"","overlay-color":"","overlay-opacity":"","overlay-gradient":""}},"ast-content-background-meta":{"desktop":{"background-color":"var(--ast-global-color-5)","background-image":"","background-repeat":"repeat","background-position":"center center","background-size":"auto","background-attachment":"scroll","background-type":"","background-media":"","overlay-type":"","overlay-color":"","overlay-opacity":"","overlay-gradient":""},"tablet":{"background-color":"var(--ast-global-color-5)","background-image":"","background-repeat":"repeat","background-position":"center center","background-size":"auto","background-attachment":"scroll","background-type":"","background-media":"","overlay-type":"","overlay-color":"","overlay-opacity":"","overlay-gradient":""},"mobile":{"background-color":"var(--ast-global-color-5)","background-image":"","background-repeat":"repeat","background-position":"center center","background-size":"auto","background-attachment":"scroll","background-type":"","background-media":"","overlay-type":"","overlay-color":"","overlay-opacity":"","overlay-gradient":""}},"footnotes":""},"class_list":["post-10650","page","type-page","status-publish","hentry"],"acf":[],"_links":{"self":[{"href":"https:\/\/ekovoltis.pl\/autoinstalator\/wordpressplus\/wp-json\/wp\/v2\/pages\/10650","targetHints":{"allow":["GET"]}}],"collection":[{"href":"https:\/\/ekovoltis.pl\/autoinstalator\/wordpressplus\/wp-json\/wp\/v2\/pages"}],"about":[{"href":"https:\/\/ekovoltis.pl\/autoinstalator\/wordpressplus\/wp-json\/wp\/v2\/types\/page"}],"author":[{"embeddable":true,"href":"https:\/\/ekovoltis.pl\/autoinstalator\/wordpressplus\/wp-json\/wp\/v2\/users\/3"}],"replies":[{"embeddable":true,"href":"https:\/\/ekovoltis.pl\/autoinstalator\/wordpressplus\/wp-json\/wp\/v2\/comments?post=10650"}],"version-history":[{"count":134,"href":"https:\/\/ekovoltis.pl\/autoinstalator\/wordpressplus\/wp-json\/wp\/v2\/pages\/10650\/revisions"}],"predecessor-version":[{"id":23412,"href":"https:\/\/ekovoltis.pl\/autoinstalator\/wordpressplus\/wp-json\/wp\/v2\/pages\/10650\/revisions\/23412"}],"wp:attachment":[{"href":"https:\/\/ekovoltis.pl\/autoinstalator\/wordpressplus\/wp-json\/wp\/v2\/media?parent=10650"}],"curies":[{"name":"wp","href":"https:\/\/api.w.org\/{rel}","templated":true}]}}