{"id":11772,"date":"2024-10-07T09:52:17","date_gmt":"2024-10-07T07:52:17","guid":{"rendered":"https:\/\/ekovoltis.pl\/autoinstalator\/wordpressplus\/?page_id=11772"},"modified":"2024-10-09T15:11:20","modified_gmt":"2024-10-09T13:11:20","slug":"zalezy-nam","status":"publish","type":"page","link":"https:\/\/ekovoltis.pl\/autoinstalator\/wordpressplus\/zalezy-nam\/","title":{"rendered":"Zale\u017cy nam"},"content":{"rendered":"\t\t<div data-elementor-type=\"wp-page\" data-elementor-id=\"11772\" class=\"elementor elementor-11772\" data-elementor-post-type=\"page\">\n\t\t\t\t\t\t<section class=\"elementor-section elementor-top-section elementor-element elementor-element-60d11f3 elementor-section-height-min-height elementor-section-boxed elementor-section-height-default elementor-section-items-middle\" data-id=\"60d11f3\" data-element_type=\"section\" data-settings=\"{&quot;background_background&quot;:&quot;classic&quot;}\">\n\t\t\t\t\t\t<div class=\"elementor-container elementor-column-gap-default\">\n\t\t\t\t\t<div class=\"elementor-column elementor-col-100 elementor-top-column elementor-element elementor-element-733771f\" data-id=\"733771f\" data-element_type=\"column\">\n\t\t\t<div class=\"elementor-widget-wrap elementor-element-populated\">\n\t\t\t\t\t\t<div class=\"elementor-element elementor-element-9328a70 elementor-widget elementor-widget-heading\" data-id=\"9328a70\" data-element_type=\"widget\" data-widget_type=\"heading.default\">\n\t\t\t\t<div class=\"elementor-widget-container\">\n\t\t\t\t\t<h1 class=\"elementor-heading-title elementor-size-default\">Zg\u0142aszanie nieprawid\u0142owo\u015bci<\/h1>\t\t\t\t<\/div>\n\t\t\t\t<\/div>\n\t\t\t\t<div class=\"elementor-element elementor-element-18c88db elementor-widget elementor-widget-image\" data-id=\"18c88db\" data-element_type=\"widget\" data-widget_type=\"image.default\">\n\t\t\t\t<div class=\"elementor-widget-container\">\n\t\t\t\t\t\t\t\t\t\t\t\t\t\t\t\t<a href=\"https:\/autoinstalator\/wordpressplus\/www.zalezynam.eu\">\n\t\t\t\t\t\t\t<img fetchpriority=\"high\" decoding=\"async\" width=\"935\" height=\"231\" src=\"https:\/\/ekovoltis.pl\/autoinstalator\/wordpressplus\/wp-content\/uploads\/2024\/10\/zalezy_nam_-_grafika_na_www_gora_i_dol_grafika_na_www_gora-removebg-preview.png\" class=\"attachment-full size-full wp-image-11798\" alt=\"\" srcset=\"https:\/\/ekovoltis.pl\/autoinstalator\/wordpressplus\/wp-content\/uploads\/2024\/10\/zalezy_nam_-_grafika_na_www_gora_i_dol_grafika_na_www_gora-removebg-preview.png 935w, https:\/\/ekovoltis.pl\/autoinstalator\/wordpressplus\/wp-content\/uploads\/2024\/10\/zalezy_nam_-_grafika_na_www_gora_i_dol_grafika_na_www_gora-removebg-preview-300x74.png 300w, https:\/\/ekovoltis.pl\/autoinstalator\/wordpressplus\/wp-content\/uploads\/2024\/10\/zalezy_nam_-_grafika_na_www_gora_i_dol_grafika_na_www_gora-removebg-preview-768x190.png 768w\" sizes=\"(max-width: 935px) 100vw, 935px\" \/>\t\t\t\t\t\t\t\t<\/a>\n\t\t\t\t\t\t\t\t\t\t\t\t\t\t\t<\/div>\n\t\t\t\t<\/div>\n\t\t\t\t<section class=\"elementor-section elementor-inner-section elementor-element elementor-element-0729850 elementor-section-boxed elementor-section-height-default elementor-section-height-default\" data-id=\"0729850\" data-element_type=\"section\">\n\t\t\t\t\t\t<div class=\"elementor-container elementor-column-gap-default\">\n\t\t\t\t\t<div class=\"elementor-column elementor-col-100 elementor-inner-column elementor-element elementor-element-05f6a83\" data-id=\"05f6a83\" data-element_type=\"column\">\n\t\t\t<div class=\"elementor-widget-wrap elementor-element-populated\">\n\t\t\t\t\t\t<div class=\"elementor-element elementor-element-1310796 elementor-widget elementor-widget-heading\" data-id=\"1310796\" data-element_type=\"widget\" data-widget_type=\"heading.default\">\n\t\t\t\t<div class=\"elementor-widget-container\">\n\t\t\t\t\t<p class=\"elementor-heading-title elementor-size-default\">Wczesna identyfikacja Nieprawid\u0142owo\u015bci znacz\u0105co wp\u0142ywa na szybko\u015b\u0107 i efektywno\u015b\u0107 przeciwdzia\u0142ania im oraz ogranicza potencjalne negatywne skutki.\n<br><br>\nAby by\u0142o to mo\u017cliwe, niezb\u0119dna jest \u015bwiadomo\u015b\u0107, czym s\u0105 nadu\u017cycia, czujno\u015b\u0107 na sytuacje, kt\u00f3re mog\u0105 je sugerowa\u0107, a tak\u017ce zdecydowany brak akceptacji dla niepo\u017c\u0105danych zachowa\u0144.<br><br><\/p>\t\t\t\t<\/div>\n\t\t\t\t<\/div>\n\t\t\t\t<div class=\"elementor-element elementor-element-e2e6840 elementor-widget elementor-widget-text-editor\" data-id=\"e2e6840\" data-element_type=\"widget\" data-widget_type=\"text-editor.default\">\n\t\t\t\t<div class=\"elementor-widget-container\">\n\t\t\t\t\t\t\t\t\t<p>Poniewa\u017c Zale\u017cy Nam na:<\/p><p>\u2022 bezkompromisowym reagowaniu na nieprawid\u0142owo\u015bci,<br \/>\u2022 eliminowaniu sytuacji niepo\u017c\u0105danych i kryzysowych,<br \/>\u2022 zaufaniu,<br \/>\u2022 bezpiecze\u0144stwie otoczenia wewn\u0119trznego i zewn\u0119trznego firmy,<br \/>\u2022 transparentno\u015bci i odpowiedzialnym dzia\u0142aniu,<br \/>\u2022 etyce w biznesie,<br \/><br \/>wdro\u017cyli\u015bmy rozwi\u0105zanie, kt\u00f3re umo\u017cliwia prowadzenie odpowiednio zabezpieczonego dialogu, gwarantuj\u0105cego pe\u0142n\u0105 poufno\u015b\u0107 i anonimowo\u015b\u0107 w sprawach dotycz\u0105cych narusze\u0144 zasad prawnych, korporacyjnych oraz spo\u0142ecznych.<\/p><p>Internetowa Platforma \u201eZale\u017cy Nam\u201d umo\u017cliwia zg\u0142aszanie niepokoj\u0105cych zdarze\u0144 w dowolnym momencie i z dowolnego urz\u0105dzenia (komputer, tablet, telefon). System gwarantuje pe\u0142n\u0105 anonimowo\u015b\u0107 Sygnalisty oraz kompleksow\u0105 ochron\u0119 danych osobowych.<\/p><p>Wi\u0119cej informacji na temat platformy i sposobu zg\u0142aszania Nieprawid\u0142owo\u015bci znajduje si\u0119 w naszym <strong><a href=\"https:\/autoinstalator\/wordpressplus\/ekodekoracje.com\/wp-content\/uploads\/2024\/10\/FAQ_23.09.2024.pdf\">FAQ<\/a><\/strong>.<\/p>\t\t\t\t\t\t\t\t<\/div>\n\t\t\t\t<\/div>\n\t\t\t\t<div class=\"elementor-element elementor-element-86bc0b5 elementor-widget elementor-widget-image\" data-id=\"86bc0b5\" data-element_type=\"widget\" data-widget_type=\"image.default\">\n\t\t\t\t<div class=\"elementor-widget-container\">\n\t\t\t\t\t\t\t\t\t\t\t\t\t\t\t\t<a href=\"https:\/autoinstalator\/wordpressplus\/www.zalezynam.eu\">\n\t\t\t\t\t\t\t<img decoding=\"async\" width=\"600\" height=\"117\" src=\"https:\/\/ekovoltis.pl\/autoinstalator\/wordpressplus\/wp-content\/uploads\/2024\/10\/Zrzut-ekranu-2024-10-7-o-09.50.15.png\" class=\"attachment-full size-full wp-image-11774\" alt=\"\" srcset=\"https:\/\/ekovoltis.pl\/autoinstalator\/wordpressplus\/wp-content\/uploads\/2024\/10\/Zrzut-ekranu-2024-10-7-o-09.50.15.png 600w, https:\/\/ekovoltis.pl\/autoinstalator\/wordpressplus\/wp-content\/uploads\/2024\/10\/Zrzut-ekranu-2024-10-7-o-09.50.15-300x59.png 300w\" sizes=\"(max-width: 600px) 100vw, 600px\" \/>\t\t\t\t\t\t\t\t<\/a>\n\t\t\t\t\t\t\t\t\t\t\t\t\t\t\t<\/div>\n\t\t\t\t<\/div>\n\t\t\t\t\t<\/div>\n\t\t<\/div>\n\t\t\t\t\t<\/div>\n\t\t<\/section>\n\t\t\t\t\t<\/div>\n\t\t<\/div>\n\t\t\t\t\t<\/div>\n\t\t<\/section>\n\t\t\t\t<\/div>\n\t\t","protected":false},"excerpt":{"rendered":"<p>Zg\u0142aszanie nieprawid\u0142owo\u015bci Wczesna identyfikacja Nieprawid\u0142owo\u015bci znacz\u0105co wp\u0142ywa na szybko\u015b\u0107 i efektywno\u015b\u0107 przeciwdzia\u0142ania im oraz ogranicza potencjalne negatywne skutki. Aby by\u0142o to mo\u017cliwe, niezb\u0119dna jest \u015bwiadomo\u015b\u0107, czym s\u0105 nadu\u017cycia, czujno\u015b\u0107 na sytuacje, kt\u00f3re mog\u0105 je sugerowa\u0107, a tak\u017ce zdecydowany brak akceptacji dla niepo\u017c\u0105danych zachowa\u0144. Poniewa\u017c Zale\u017cy Nam na: \u2022 bezkompromisowym reagowaniu na nieprawid\u0142owo\u015bci,\u2022 eliminowaniu sytuacji niepo\u017c\u0105danych [&hellip;]<\/p>\n","protected":false},"author":2,"featured_media":0,"parent":0,"menu_order":0,"comment_status":"closed","ping_status":"closed","template":"","meta":{"site-sidebar-layout":"no-sidebar","site-content-layout":"page-builder","ast-site-content-layout":"default","site-content-style":"default","site-sidebar-style":"default","ast-global-header-display":"","ast-banner-title-visibility":"","ast-main-header-display":"","ast-hfb-above-header-display":"","ast-hfb-below-header-display":"","ast-hfb-mobile-header-display":"","site-post-title":"disabled","ast-breadcrumbs-content":"","ast-featured-img":"disabled","footer-sml-layout":"","theme-transparent-header-meta":"","adv-header-id-meta":"","stick-header-meta":"","header-above-stick-meta":"","header-main-stick-meta":"","header-below-stick-meta":"","astra-migrate-meta-layouts":"default","ast-page-background-enabled":"default","ast-page-background-meta":{"desktop":{"background-color":"","background-image":"","background-repeat":"repeat","background-position":"center center","background-size":"auto","background-attachment":"scroll","background-type":"","background-media":"","overlay-type":"","overlay-color":"","overlay-opacity":"","overlay-gradient":""},"tablet":{"background-color":"","background-image":"","background-repeat":"repeat","background-position":"center center","background-size":"auto","background-attachment":"scroll","background-type":"","background-media":"","overlay-type":"","overlay-color":"","overlay-opacity":"","overlay-gradient":""},"mobile":{"background-color":"","background-image":"","background-repeat":"repeat","background-position":"center center","background-size":"auto","background-attachment":"scroll","background-type":"","background-media":"","overlay-type":"","overlay-color":"","overlay-opacity":"","overlay-gradient":""}},"ast-content-background-meta":{"desktop":{"background-color":"var(--ast-global-color-5)","background-image":"","background-repeat":"repeat","background-position":"center center","background-size":"auto","background-attachment":"scroll","background-type":"","background-media":"","overlay-type":"","overlay-color":"","overlay-opacity":"","overlay-gradient":""},"tablet":{"background-color":"var(--ast-global-color-5)","background-image":"","background-repeat":"repeat","background-position":"center center","background-size":"auto","background-attachment":"scroll","background-type":"","background-media":"","overlay-type":"","overlay-color":"","overlay-opacity":"","overlay-gradient":""},"mobile":{"background-color":"var(--ast-global-color-5)","background-image":"","background-repeat":"repeat","background-position":"center center","background-size":"auto","background-attachment":"scroll","background-type":"","background-media":"","overlay-type":"","overlay-color":"","overlay-opacity":"","overlay-gradient":""}},"footnotes":""},"class_list":["post-11772","page","type-page","status-publish","hentry"],"acf":[],"_links":{"self":[{"href":"https:\/\/ekovoltis.pl\/autoinstalator\/wordpressplus\/wp-json\/wp\/v2\/pages\/11772","targetHints":{"allow":["GET"]}}],"collection":[{"href":"https:\/\/ekovoltis.pl\/autoinstalator\/wordpressplus\/wp-json\/wp\/v2\/pages"}],"about":[{"href":"https:\/\/ekovoltis.pl\/autoinstalator\/wordpressplus\/wp-json\/wp\/v2\/types\/page"}],"author":[{"embeddable":true,"href":"https:\/\/ekovoltis.pl\/autoinstalator\/wordpressplus\/wp-json\/wp\/v2\/users\/2"}],"replies":[{"embeddable":true,"href":"https:\/\/ekovoltis.pl\/autoinstalator\/wordpressplus\/wp-json\/wp\/v2\/comments?post=11772"}],"version-history":[{"count":42,"href":"https:\/\/ekovoltis.pl\/autoinstalator\/wordpressplus\/wp-json\/wp\/v2\/pages\/11772\/revisions"}],"predecessor-version":[{"id":11843,"href":"https:\/\/ekovoltis.pl\/autoinstalator\/wordpressplus\/wp-json\/wp\/v2\/pages\/11772\/revisions\/11843"}],"wp:attachment":[{"href":"https:\/\/ekovoltis.pl\/autoinstalator\/wordpressplus\/wp-json\/wp\/v2\/media?parent=11772"}],"curies":[{"name":"wp","href":"https:\/\/api.w.org\/{rel}","templated":true}]}}