{"id":4214,"date":"2023-10-19T07:32:38","date_gmt":"2023-10-19T05:32:38","guid":{"rendered":"https:\/autoinstalator\/wordpressplus\/e2v.pl\/?page_id=4214"},"modified":"2025-03-04T13:33:59","modified_gmt":"2025-03-04T12:33:59","slug":"esg","status":"publish","type":"page","link":"https:\/\/ekovoltis.pl\/autoinstalator\/wordpressplus\/esg\/","title":{"rendered":"ESG"},"content":{"rendered":"\t\t<div data-elementor-type=\"wp-page\" data-elementor-id=\"4214\" class=\"elementor elementor-4214\" data-elementor-post-type=\"page\">\n\t\t\t\t\t\t<section class=\"elementor-section elementor-top-section elementor-element elementor-element-17d6b8b elementor-section-boxed elementor-section-height-default elementor-section-height-default\" data-id=\"17d6b8b\" data-element_type=\"section\" id=\"esg-banner\" data-settings=\"{&quot;background_background&quot;:&quot;classic&quot;,&quot;background_motion_fx_motion_fx_scrolling&quot;:&quot;yes&quot;,&quot;background_motion_fx_translateY_effect&quot;:&quot;yes&quot;,&quot;background_motion_fx_translateY_speed&quot;:{&quot;unit&quot;:&quot;px&quot;,&quot;size&quot;:3.5,&quot;sizes&quot;:[]},&quot;background_motion_fx_translateY_affectedRange&quot;:{&quot;unit&quot;:&quot;%&quot;,&quot;size&quot;:&quot;&quot;,&quot;sizes&quot;:{&quot;start&quot;:0,&quot;end&quot;:100}},&quot;background_motion_fx_devices&quot;:[&quot;desktop&quot;,&quot;laptop&quot;,&quot;tablet&quot;,&quot;mobile&quot;]}\">\n\t\t\t\t\t\t\t<div class=\"elementor-background-overlay\"><\/div>\n\t\t\t\t\t\t\t<div class=\"elementor-container elementor-column-gap-default\">\n\t\t\t\t\t<div class=\"elementor-column elementor-col-100 elementor-top-column elementor-element elementor-element-8e5402f\" data-id=\"8e5402f\" data-element_type=\"column\">\n\t\t\t<div class=\"elementor-widget-wrap elementor-element-populated\">\n\t\t\t\t\t\t<div class=\"elementor-element elementor-element-2e389fc elementor-widget elementor-widget-spacer\" data-id=\"2e389fc\" data-element_type=\"widget\" data-widget_type=\"spacer.default\">\n\t\t\t\t<div class=\"elementor-widget-container\">\n\t\t\t\t\t\t\t<div class=\"elementor-spacer\">\n\t\t\t<div class=\"elementor-spacer-inner\"><\/div>\n\t\t<\/div>\n\t\t\t\t\t\t<\/div>\n\t\t\t\t<\/div>\n\t\t\t\t<div class=\"elementor-element elementor-element-17c448d elementor-widget elementor-widget-heading\" data-id=\"17c448d\" data-element_type=\"widget\" data-widget_type=\"heading.default\">\n\t\t\t\t<div class=\"elementor-widget-container\">\n\t\t\t\t\t<h1 class=\"elementor-heading-title elementor-size-default\">ESG<\/h1>\t\t\t\t<\/div>\n\t\t\t\t<\/div>\n\t\t\t\t<div class=\"elementor-element elementor-element-718970b elementor-widget elementor-widget-heading\" data-id=\"718970b\" data-element_type=\"widget\" data-widget_type=\"heading.default\">\n\t\t\t\t<div class=\"elementor-widget-container\">\n\t\t\t\t\t<h5 class=\"elementor-heading-title elementor-size-default\">EnVironmental social governance<\/h5>\t\t\t\t<\/div>\n\t\t\t\t<\/div>\n\t\t\t\t<section class=\"elementor-section elementor-inner-section elementor-element elementor-element-de4df4d banner-text-container elementor-section-boxed elementor-section-height-default elementor-section-height-default\" data-id=\"de4df4d\" data-element_type=\"section\" data-settings=\"{&quot;background_background&quot;:&quot;classic&quot;,&quot;xpro_backdrop_filter&quot;:&quot;yes&quot;}\">\n\t\t\t\t\t\t<div class=\"elementor-container elementor-column-gap-default\">\n\t\t\t\t\t<div class=\"elementor-column elementor-col-100 elementor-inner-column elementor-element elementor-element-11e8355\" data-id=\"11e8355\" data-element_type=\"column\">\n\t\t\t<div class=\"elementor-widget-wrap elementor-element-populated\">\n\t\t\t\t\t\t<div class=\"elementor-element elementor-element-e555b56 elementor-widget elementor-widget-text-editor\" data-id=\"e555b56\" data-element_type=\"widget\" data-widget_type=\"text-editor.default\">\n\t\t\t\t<div class=\"elementor-widget-container\">\n\t\t\t\t\t\t\t\t\t<p>Od stycznia 2024 roku polskie przedsi\u0119biorstwa s\u0105 zobligowane do przestrzegania nowych zasad sprawozdawczo\u015bci niefinansowej wed\u0142ug unijnej Dyrektywy CSRD (Corporate Sustainability Reporting Directive)<\/p>\t\t\t\t\t\t\t\t<\/div>\n\t\t\t\t<\/div>\n\t\t\t\t<div class=\"elementor-element elementor-element-a04ae5d elementor-align-center cta-green elementor-widget elementor-widget-button\" data-id=\"a04ae5d\" data-element_type=\"widget\" data-widget_type=\"button.default\">\n\t\t\t\t<div class=\"elementor-widget-container\">\n\t\t\t\t\t\t\t\t\t<div class=\"elementor-button-wrapper\">\n\t\t\t\t\t<a class=\"elementor-button elementor-button-link elementor-size-sm\" href=\"#ankieta\">\n\t\t\t\t\t\t<span class=\"elementor-button-content-wrapper\">\n\t\t\t\t\t\t\t\t\t<span class=\"elementor-button-text\">Sprawd\u017a, czy si\u0119 kwalifikujesz<\/span>\n\t\t\t\t\t<\/span>\n\t\t\t\t\t<\/a>\n\t\t\t\t<\/div>\n\t\t\t\t\t\t\t\t<\/div>\n\t\t\t\t<\/div>\n\t\t\t\t\t<\/div>\n\t\t<\/div>\n\t\t\t\t\t<\/div>\n\t\t<\/section>\n\t\t\t\t\t<\/div>\n\t\t<\/div>\n\t\t\t\t\t<\/div>\n\t\t<\/section>\n\t\t\t\t<section class=\"elementor-section elementor-top-section elementor-element elementor-element-874d3de elementor-section-boxed elementor-section-height-default elementor-section-height-default\" data-id=\"874d3de\" data-element_type=\"section\" data-settings=\"{&quot;background_background&quot;:&quot;classic&quot;}\">\n\t\t\t\t\t\t<div class=\"elementor-container elementor-column-gap-default\">\n\t\t\t\t\t<div class=\"elementor-column elementor-col-100 elementor-top-column elementor-element elementor-element-e7dd227\" data-id=\"e7dd227\" data-element_type=\"column\">\n\t\t\t<div class=\"elementor-widget-wrap elementor-element-populated\">\n\t\t\t\t\t\t<div class=\"elementor-element elementor-element-fb43dcd elementor-widget elementor-widget-menu-anchor\" data-id=\"fb43dcd\" data-element_type=\"widget\" data-widget_type=\"menu-anchor.default\">\n\t\t\t\t<div class=\"elementor-widget-container\">\n\t\t\t\t\t\t\t<div class=\"elementor-menu-anchor\" id=\"ankieta\"><\/div>\n\t\t\t\t\t\t<\/div>\n\t\t\t\t<\/div>\n\t\t\t\t<div class=\"elementor-element elementor-element-1b0074d elementor-widget elementor-widget-html\" data-id=\"1b0074d\" data-element_type=\"widget\" data-widget_type=\"html.default\">\n\t\t\t\t<div class=\"elementor-widget-container\">\n\t\t\t\t\t<form id=\"esgForm\" action=\"https:\/\/ekovoltis.pl\/autoinstalator\/wordpressplus\/esg-kontakt\/\" method=\"GET\" onsubmit=\"storeAnswersInSessionCookies()\">\n  \n    <!-- 1. Radio: Firma status -->\n    <div class=\"form-row esg-size\">\n      <p class=\"esg-question-label\">\n        <span class=\"esg-numeral\">1<\/span>Jaki status posiada Twoja firma?<br>\n        <span class=\"esg-numeral-desc\">Zaznacz, je\u017celi spe\u0142niasz <strong>minimum 2 z 3<\/strong> kryteri\u00f3w w podanych poni\u017cej opcjach.<\/span>\n      <\/p>\n      \n      <div class=\"wpcf7-radio\">\n      \n        <div class=\"wpcf7-list-item\">\n        <label>\n            <input type=\"radio\" name=\"radio-size\" value=\"mikroprzedsi\u0119biorstwo\" required>\n            mikroprzedsi\u0119biorstwo\n        <\/label>\n            <div class=\"esg-desc\">\n             <p><span>1 - 10 pracownik\u00f3w<\/span><\/p>\n              <p>przychody netto <br><span>do 4 mln z\u0142<\/span><\/p>\n              <p>suma aktyw\u00f3w bilansu na koniec roku<br><span>poni\u017cej 2 mln z\u0142<\/span><\/p>\n            <\/div>\n        <\/div><!--  -->\n        \n        <div class=\"wpcf7-list-item\">\n        <label>\n            <input type=\"radio\" name=\"radio-size\" value=\"ma\u0142e przedsi\u0119biorstwo\" required>\n            ma\u0142e przedsi\u0119biorstwo\n        <\/label>\n        <div class=\"esg-desc\">\n            <p><span>1 - 50 pracownik\u00f3w<\/span><\/p>\n              <p>przychody netto <br><span>do 66 mln z\u0142<\/span><\/p>\n              <p>suma aktyw\u00f3w bilansu na koniec roku<br><span>poni\u017cej 33 mln z\u0142<\/span><\/p>\n            <\/div>\n        <\/div>\n        <div class=\"wpcf7-list-item\">\n        <label>\n            <input type=\"radio\" name=\"radio-size\" value=\"\u015brednie przedsi\u0119biorstwo\" required>\n            \u015brednie przedsi\u0119biorstwo\n        <\/label>\n        <div class=\"esg-desc\">\n            <p><span>1 - 250 pracownik\u00f3w<\/span><\/p>\n              <p>przychody netto <br><span>do 220 mln z\u0142<\/span><\/p>\n              <p>suma aktyw\u00f3w bilansu na koniec roku<br><span>poni\u017cej 110 mln z\u0142<\/span><\/p>\n            <\/div>\n        <\/div>\n        <div class=\"wpcf7-list-item\">\n        <label>\n            <input type=\"radio\" name=\"radio-size\" value=\"du\u017ce przedsi\u0119biorstwo\" required>\n            du\u017ce przedsi\u0119biorstwo\n        <\/label>    \n            <div class=\"esg-desc\">\n            <p><span>250+ pracownik\u00f3w<\/span><\/p>\n              <p>przychody netto <br><span>220 mln z\u0142 i wi\u0119cej<\/span><\/p>\n              <p>suma aktyw\u00f3w bilansu na koniec roku<br><span>powy\u017cej 110 mln z\u0142<\/span><\/p>\n            <\/div>\n        <\/div>\n      <\/div>\n    <\/div>\n  \n  \n    <!-- 2. Radio: Gie\u0142da -->\n    <div class=\"form-row esg-question\">\n        <p class=\"esg-question-label\">\n          <span class=\"esg-numeral\">2<\/span>Czy Twoja firma jest notowana na gie\u0142dzie?\n        <\/p>\n        <div class=\"wpcf7-form-control \">\n        <div class=\"wpcf7-list-item\">\n        <label>\n          <input type=\"radio\" name=\"radio-stock\" value=\"tak\" required>\n          tak\n        <\/label>\n        <\/div>\n        <div class=\"wpcf7-list-item\">\n        <label>\n          <input type=\"radio\" name=\"radio-stock\" value=\"nie\" required>\n          nie\n        <\/label>\n        <\/div>\n        <\/div>\n      <\/div>\n  \n    <!-- 3. Radio: Klienci\/partnerzy z UE\/USA -->\n    <div class=\"form-row esg-question\">\n      <p class=\"esg-question-label\">\n        <span class=\"esg-numeral\">3<\/span>Czy posiadasz klient\u00f3w lub partner\u00f3w z UE\/USA?\n      <\/p>\n      <div class=\"wpcf7-form-control \">\n      <div class=\"wpcf7-list-item\">\n      <label>\n        <input type=\"radio\" name=\"radio-ueusa\" value=\"tak\" required>\n        tak\n      <\/label>\n      <\/div>\n      <div class=\"wpcf7-list-item\">\n      <label>\n        <input type=\"radio\" name=\"radio-ueusa\" value=\"nie\" required>\n        nie\n        <\/label>\n      <\/div>\n      <\/div>\n    <\/div>\n  \n    <!-- 4. Radio: Planowanie inwestycji -->\n    <div class=\"form-row esg-question\">\n      <p class=\"esg-question-label\">\n        <span class=\"esg-numeral\">4<\/span>Czy planujesz inwestycje \u2014 ubieganie si\u0119 o kredyty bankowe, fundusze europejskie, granty?\n      <\/p>\n      <div class=\"wpcf7-form-control \">\n      <div class=\"wpcf7-list-item\">\n      <label>\n        <input type=\"radio\" name=\"radio-investment\" value=\"tak\" required>\n        tak\n      <\/label>\n      <\/div>\n      <div class=\"wpcf7-list-item\">\n      <label>\n        <input type=\"radio\" name=\"radio-investment\" value=\"nie\" required>\n        nie\n      <\/label>\n      <\/div>\n      <\/div>\n    <\/div>\n  \n    <div class=\"submit-wrapper\">\n      <button type=\"submit\" class=\"cta-new cta-green\">Nast\u0119pny krok<\/button>\n    <\/div>\n  \n  <\/form>\n  \n  <script>\n  function storeAnswersInSessionCookies() {\n    \/autoinstalator\/wordpressplus\/ 1. Firma status\n    const size = document.querySelector('input[name=\"radio-size\"]:checked');\n    if(size) {\n      document.cookie = \"radio-size=\" + encodeURIComponent(size.value) + \"; path=\/\";\n    }\n  \n    \/autoinstalator\/wordpressplus\/ 2. Gie\u0142da\n    const stock = document.querySelector('input[name=\"radio-stock\"]:checked');\n    if(stock) {\n      document.cookie = \"radio-stock=\" + encodeURIComponent(stock.value) + \"; path=\/\";\n    }\n  \n    \/autoinstalator\/wordpressplus\/ 3. Klienci\/partnerzy z UE\/USA\n    const ueusa = document.querySelector('input[name=\"radio-ueusa\"]:checked');\n    if(ueusa) {\n      document.cookie = \"radio-ueusa=\" + encodeURIComponent(ueusa.value) + \"; path=\/\";\n    }\n  \n    \/autoinstalator\/wordpressplus\/ 4. Inwestycje\n    const investment = document.querySelector('input[name=\"radio-investment\"]:checked');\n    if(investment) {\n      document.cookie = \"radio-investment=\" + encodeURIComponent(investment.value) + \"; path=\/\";\n    }\n  }\n  <\/script>\t\t\t\t<\/div>\n\t\t\t\t<\/div>\n\t\t\t\t<div class=\"elementor-element elementor-element-1d8a6a1 elementor-widget elementor-widget-spacer\" data-id=\"1d8a6a1\" data-element_type=\"widget\" data-widget_type=\"spacer.default\">\n\t\t\t\t<div class=\"elementor-widget-container\">\n\t\t\t\t\t\t\t<div class=\"elementor-spacer\">\n\t\t\t<div class=\"elementor-spacer-inner\"><\/div>\n\t\t<\/div>\n\t\t\t\t\t\t<\/div>\n\t\t\t\t<\/div>\n\t\t\t\t<div class=\"elementor-element elementor-element-21bbede hidden elementor-hidden-desktop elementor-hidden-laptop elementor-hidden-tablet elementor-hidden-mobile elementor-widget elementor-widget-text-editor\" data-id=\"21bbede\" data-element_type=\"widget\" id=\"toggleText\" data-widget_type=\"text-editor.default\">\n\t\t\t\t<div class=\"elementor-widget-container\">\n\t\t\t\t\t\t\t\t\t<h2 style=\"color: #1f9c8a;\">Raportowanie ESG \u2013 co to jest?<\/h2>\n\n\n<p>Wy\u017cej wymienione obowi\u0105zki wynikaj\u0105 z prawodawstwa Unii Europejskiej, uj\u0119tego m.in. w Dyrektywie 2022\/2464 o sprawozdawczo\u015bci przedsi\u0119biorstw w zakresie zr\u00f3wnowa\u017conego rozwoju (CSRD \u2013 ang. Corporate Sustainability Reporting Directive) z dnia 16 grudnia 2022 roku. 13 grudnia 2024 r. Prezydent podpisa\u0142 nowelizacj\u0119 ustawy o rachunkowo\u015bci, wdra\u017caj\u0105c\u0105 wy\u017cej wspomniane regulacje. Nowe przepisy rozszerzaj\u0105 obowi\u0105zek raportowania informacji o zr\u00f3wnowa\u017conym rozwoju, obejmuj\u0105c du\u017ce przedsi\u0119biorstwa, jednostki dominuj\u0105ce du\u017cych grup kapita\u0142owych oraz ma\u0142e i \u015brednie firmy notowane na rynkach regulowanych (z wy\u0142\u0105czeniem mikroprzedsi\u0119biorstw).<\/p>\n\n\n<p>Skutkiem wprowadzenia tych przepis\u00f3w b\u0119d\u0105 zmiany we wszystkich sektorach gospodarki pa\u0144stw UE, kt\u00f3re zajd\u0105 w ci\u0105gu najbli\u017cszych trzech lat.<\/span>\n<p>Regulacyjne raportowanie ESG obowi\u0105zywa\u0107 b\u0119dzie:<\/p>\n<ul>\n<li>Sp\u00f3\u0142ki Gie\u0142dowe za rok 2024 (ok. 420 firm)<\/li>\n\n<li>Du\u017ce Przedsi\u0119biorstwa za rok 2025 (ok. 3 700 firm)<\/li>\n\n<li>Ma\u0142e i \u015brednie przedsi\u0119biorstwa i inne przedsi\u0119biorstwa notowane na gie\u0142dzie za rok 2026.<\/li>\n<\/ul>\n\n<p>ESG to raportowanie niefinansowe, kt\u00f3re dotyczy ca\u0142ych \u0142a\u0144cuch\u00f3w produkcji i dostaw, co oznacza, \u017ce r\u00f3wnie\u017c podmioty wsp\u00f3\u0142pracuj\u0105ce z firmami obj\u0119tymi raportowaniem ESG zobowi\u0105zane b\u0119d\u0105 do dzia\u0142a\u0144 w zr\u00f3wnowa\u017cony spos\u00f3b, tj. przyjazny dla \u015brodowiska.<\/p><p>Efektem powy\u017cszego b\u0119dzie wykonanie gruntownego przegl\u0105du swojej dzia\u0142alno\u015bci w tym te\u017c oferowanych us\u0142ug\/produkt\u00f3w ze szczeg\u00f3lnym uwzgl\u0119dnieniem ich wp\u0142ywu na:<\/p>\n<ul>\n \t<li style=\"font-weight: 400;\" aria-level=\"1\"><span style=\"font-weight: 400;\">\u015brodowisko (E)<\/span><\/li>\n \t<li style=\"font-weight: 400;\" aria-level=\"1\"><span style=\"font-weight: 400;\">spo\u0142eczn\u0105 odpowiedzialno\u015b\u0107 (S)<\/span><\/li>\n \t<li style=\"font-weight: 400;\" aria-level=\"1\"><span style=\"font-weight: 400;\">model zarz\u0105dzania (G)<\/span><\/li>\n<\/ul>\n<p>W kolejnym etapie podmioty zobowi\u0105zane d\u0105\u017cy\u0107 b\u0119d\u0105 do ograniczenia ich wp\u0142ywu w ka\u017cdym ze zidentyfikowanych obszar\u00f3w.<\/p>\n\n<p>Od 2023 roku obowi\u0105zek dotycz\u0105cy monitorowania ca\u0142o\u015bci \u0142a\u0144cucha dostaw \u2013 od surowych materia\u0142\u00f3w, po gotowy produkt \u2013 wprowadzono u najwi\u0119kszego polskiego partnera handlowego, tj. w Niemczech.<\/p>\n<ul>\n \t<li>utrzymanie pozycji w \u0142a\u0144cuchach produkcji i dostaw,<\/li>\n \t<li>pozyskiwanie nowych rynk\u00f3w zbytu dla produkt\u00f3w i us\u0142ug, uzyskanie dost\u0119pu do preferencyjnych warunk\u00f3w finansowania w ramach funduszy celowych oraz kredyt\u00f3w bankowych<\/li>\n<\/ul>\n<h2 style=\"color: #1f9c8a;\">D\u0142ugoterminowe efekty raportowania ESG<\/h2>\n<ul>\n \t<li style=\"font-weight: 400;\" aria-level=\"1\"><span style=\"font-weight: 400;\">ograniczenie poziomu koszt\u00f3w operacyjnych zwi\u0105zanych<\/span><span style=\"font-weight: 400;\">\n<\/span><span style=\"font-weight: 400;\">z nabyciem i wykorzystaniem energii,<\/span><\/li>\n \t<li style=\"font-weight: 400;\" aria-level=\"1\"><span style=\"font-weight: 400;\">minimalizacja wydatk\u00f3w zwi\u0105zanych z op\u0142atami<\/span><span style=\"font-weight: 400;\">\n<\/span><span style=\"font-weight: 400;\">\u015brodowiskowymi,<\/span><\/li>\n \t<li style=\"font-weight: 400;\" aria-level=\"1\"><span style=\"font-weight: 400;\">unikni\u0119cie sankcji finansowych za naruszenie dyrektywy<\/span><span style=\"font-weight: 400;\">\n<\/span><span style=\"font-weight: 400;\">CSRD (planowane wprowadzenie systemu penalizacji dla<\/span><span style=\"font-weight: 400;\">\n<\/span><span style=\"font-weight: 400;\">podmiot\u00f3w zaanga\u017cowanych nierealizuj\u0105cych wytycznych ESG).<\/span><\/li>\n<\/ul>\n<p>Dodatkowe benefity wynikaj\u0105ce z raportowania ESG<\/p>\n<ul>\n \t<li style=\"font-weight: 400;\" aria-level=\"1\"><span style=\"font-weight: 400;\">zwi\u0119kszenie warto\u015bci marki danej firmy,<\/span><\/li>\n \t<li style=\"font-weight: 400;\" aria-level=\"1\"><span style=\"font-weight: 400;\">spos\u00f3b na pozyskanie talent\u00f3w pracowniczych w oparciu<\/span><span style=\"font-weight: 400;\">\n<\/span><span style=\"font-weight: 400;\">o standardy ESG,<\/span><\/li>\n \t<li style=\"font-weight: 400;\" aria-level=\"1\"><span style=\"font-weight: 400;\">budowanie silniejszych relacji z Klientami i Kontrahentami<\/span><span style=\"font-weight: 400;\">\n<\/span><span style=\"font-weight: 400;\">stosuj\u0105cymi ten sam system warto\u015bci w zarz\u0105dzaniu swoim<\/span><span style=\"font-weight: 400;\">\n<\/span><span style=\"font-weight: 400;\">biznesem.<\/span><\/li>\n<\/ul>\n<h2 style=\"color: #1f9c8a;\">Raportowanie ESG \u2013 aspekty finansowe<\/h2>\n&nbsp;\n<ul>\n \t<li style=\"font-weight: 400;\" aria-level=\"1\"><span style=\"font-weight: 400;\">Uzyskanie dost\u0119pu do preferencyjnych warunk\u00f3w finansowania w ramach funduszy celowych czy kredyt\u00f3w bankowych,<\/span><\/li>\n \t<li style=\"font-weight: 400;\" aria-level=\"1\"><span style=\"font-weight: 400;\">Unikni\u0119cie sankcji finansowych za naruszenie dyrektywy CSRD (planowane wprowadzenie systemu penalizacji dla pomiar\u00f3w zaanga\u017cowanych, nierealizuj\u0105cych wytycznych ESG).<\/span><\/li>\n<\/ul>\n<p>Podstawowym miernikiem skutk\u00f3w wdro\u017cenia raportowania ESG jest tzw. \u015blad w\u0119glowy, kt\u00f3ry informuje o skali wp\u0142ywu danej firmy (jej produkt\u00f3w, us\u0142ug) na \u015brodowisko, w zakresie emisji gaz\u00f3w cieplarnianych (GHG), w tym CO2 do atmosfery.<\/p>\n<ul>\n \t<li style=\"font-weight: 400;\" aria-level=\"1\"><span style=\"font-weight: 400;\">Podstawowym sposobem na redukcj\u0119 \u015bladu w\u0119glowego jest wykorzystanie energii elektrycznej, pochodz\u0105cej<\/span><span style=\"font-weight: 400;\">\n<\/span><span style=\"font-weight: 400;\">z odnawialnych \u017ar\u00f3de\u0142 energii (OZE).<\/span><\/li>\n \t<li style=\"font-weight: 400;\" aria-level=\"1\"><span style=\"font-weight: 400;\">Dokumentem potwierdzaj\u0105cym redukcj\u0119 \u015bladu w\u0119glowego przez podmiot zobowi\u0105zany jest Certyfikat wydawany przez Towarow\u0105 Gie\u0142d\u0119 Energii S.A. Warunkiem uzyskania certyfikatu jest umorzenie Gwarancji Pochodzenia (GoO) b\u0119d\u0105cej instrumentem potwierdzaj\u0105cym wytworzenie ilo\u015bci danej energii elektrycznej w OZE.<\/span><\/li>\n<\/ul>\n<p>Specjalnie dla podmiot\u00f3w zobowi\u0105zanych i wszystkich firm chc\u0105cych minimalizowa\u0107 sw\u00f3j negatywny wp\u0142yw na \u015brodowisko przygotowali\u015bmy dedykowan\u0105 ofert\u0119 produkt\u00f3w energetycznych w standardzie ESG.<\/p>\n<h2 style=\"color: #1f9c8a;\">Dlaczego warto wybra\u0107 energi\u0119 z Ekovoltis do raportowania ESG?<\/h2>\n<p>W kontek\u015bcie rosn\u0105cych wymog\u00f3w raportowania ESG oraz intensyfikacji dzia\u0142a\u0144 na rzecz transformacji energetycznej, mo\u017cna oczekiwa\u0107 dalszego wzrostu popytu na gwarancje pochodzenia, co w perspektywie \u015brednio- i d\u0142ugoterminowej mo\u017ce prowadzi\u0107 do wzrostu ich cen. W zwi\u0105zku z tym obecny moment stanowi dogodn\u0105 okazj\u0119 do zabezpieczenia sta\u0142ych cen gwarancji pochodzenia na okres nawet do 7 lat, co jest mo\u017cliwe w ramach oferty Ekovoltis.<\/p>\n\n\n<p>Jako <a href=\"https:\/\/ekovoltis.pl\/autoinstalator\/wordpressplus\/\"><span style=\"font-weight: 400;\">sprzedawca energii elektrycznej<\/span><\/a><span style=\"font-weight: 400;\"> kompleksowo zajmujemy si\u0119 r\u00f3wnie\u017c takimi kwestiami jak <\/span><a href=\"https:\/\/ekovoltis.pl\/autoinstalator\/wordpressplus\/wytworcy\/\"><span style=\"font-weight: 400;\">odkup energii z OZE<\/span><\/a><span style=\"font-weight: 400;\"> czy <\/span><a href=\"https:\/\/ekovoltis.pl\/autoinstalator\/wordpressplus\/oferta\/\"><span style=\"font-weight: 400;\">pr\u0105d dla firm<\/span><\/a><span style=\"font-weight: 400;\">. Sta\u0144 si\u0119 wzorem odpowiedzialnego Przedsi\u0119biorcy i skorzystaj z zielonej energii od Ekovoltis!<\/p>\t\t\t\t\t\t\t\t<\/div>\n\t\t\t\t<\/div>\n\t\t\t\t\t<\/div>\n\t\t<\/div>\n\t\t\t\t\t<\/div>\n\t\t<\/section>\n\t\t\t\t<\/div>\n\t\t","protected":false},"excerpt":{"rendered":"<p>ESG EnVironmental social governance Od stycznia 2024 roku polskie przedsi\u0119biorstwa s\u0105 zobligowane do przestrzegania nowych zasad sprawozdawczo\u015bci niefinansowej wed\u0142ug unijnej Dyrektywy CSRD (Corporate Sustainability Reporting Directive) Sprawd\u017a, czy si\u0119 kwalifikujesz 1Jaki status posiada Twoja firma? Zaznacz, je\u017celi spe\u0142niasz minimum 2 z 3 kryteri\u00f3w w podanych poni\u017cej opcjach. mikroprzedsi\u0119biorstwo 1 &#8211; 10 pracownik\u00f3w przychody netto do [&hellip;]<\/p>\n","protected":false},"author":2,"featured_media":0,"parent":0,"menu_order":0,"comment_status":"closed","ping_status":"closed","template":"elementor_header_footer","meta":{"site-sidebar-layout":"no-sidebar","site-content-layout":"page-builder","ast-site-content-layout":"default","site-content-style":"default","site-sidebar-style":"default","ast-global-header-display":"","ast-banner-title-visibility":"","ast-main-header-display":"","ast-hfb-above-header-display":"","ast-hfb-below-header-display":"","ast-hfb-mobile-header-display":"","site-post-title":"disabled","ast-breadcrumbs-content":"","ast-featured-img":"disabled","footer-sml-layout":"","theme-transparent-header-meta":"default","adv-header-id-meta":"","stick-header-meta":"","header-above-stick-meta":"","header-main-stick-meta":"","header-below-stick-meta":"","astra-migrate-meta-layouts":"default","ast-page-background-enabled":"default","ast-page-background-meta":{"desktop":{"background-color":"","background-image":"","background-repeat":"repeat","background-position":"center center","background-size":"auto","background-attachment":"scroll","background-type":"","background-media":"","overlay-type":"","overlay-color":"","overlay-opacity":"","overlay-gradient":""},"tablet":{"background-color":"","background-image":"","background-repeat":"repeat","background-position":"center center","background-size":"auto","background-attachment":"scroll","background-type":"","background-media":"","overlay-type":"","overlay-color":"","overlay-opacity":"","overlay-gradient":""},"mobile":{"background-color":"","background-image":"","background-repeat":"repeat","background-position":"center center","background-size":"auto","background-attachment":"scroll","background-type":"","background-media":"","overlay-type":"","overlay-color":"","overlay-opacity":"","overlay-gradient":""}},"ast-content-background-meta":{"desktop":{"background-color":"var(--ast-global-color-5)","background-image":"","background-repeat":"repeat","background-position":"center center","background-size":"auto","background-attachment":"scroll","background-type":"","background-media":"","overlay-type":"","overlay-color":"","overlay-opacity":"","overlay-gradient":""},"tablet":{"background-color":"var(--ast-global-color-5)","background-image":"","background-repeat":"repeat","background-position":"center center","background-size":"auto","background-attachment":"scroll","background-type":"","background-media":"","overlay-type":"","overlay-color":"","overlay-opacity":"","overlay-gradient":""},"mobile":{"background-color":"var(--ast-global-color-5)","background-image":"","background-repeat":"repeat","background-position":"center center","background-size":"auto","background-attachment":"scroll","background-type":"","background-media":"","overlay-type":"","overlay-color":"","overlay-opacity":"","overlay-gradient":""}},"footnotes":""},"class_list":["post-4214","page","type-page","status-publish","hentry"],"acf":[],"_links":{"self":[{"href":"https:\/\/ekovoltis.pl\/autoinstalator\/wordpressplus\/wp-json\/wp\/v2\/pages\/4214","targetHints":{"allow":["GET"]}}],"collection":[{"href":"https:\/\/ekovoltis.pl\/autoinstalator\/wordpressplus\/wp-json\/wp\/v2\/pages"}],"about":[{"href":"https:\/\/ekovoltis.pl\/autoinstalator\/wordpressplus\/wp-json\/wp\/v2\/types\/page"}],"author":[{"embeddable":true,"href":"https:\/\/ekovoltis.pl\/autoinstalator\/wordpressplus\/wp-json\/wp\/v2\/users\/2"}],"replies":[{"embeddable":true,"href":"https:\/\/ekovoltis.pl\/autoinstalator\/wordpressplus\/wp-json\/wp\/v2\/comments?post=4214"}],"version-history":[{"count":529,"href":"https:\/\/ekovoltis.pl\/autoinstalator\/wordpressplus\/wp-json\/wp\/v2\/pages\/4214\/revisions"}],"predecessor-version":[{"id":19415,"href":"https:\/\/ekovoltis.pl\/autoinstalator\/wordpressplus\/wp-json\/wp\/v2\/pages\/4214\/revisions\/19415"}],"wp:attachment":[{"href":"https:\/\/ekovoltis.pl\/autoinstalator\/wordpressplus\/wp-json\/wp\/v2\/media?parent=4214"}],"curies":[{"name":"wp","href":"https:\/\/api.w.org\/{rel}","templated":true}]}}