{"id":4374,"date":"2023-10-27T13:08:06","date_gmt":"2023-10-27T11:08:06","guid":{"rendered":"https:\/autoinstalator\/wordpressplus\/e2v.pl\/?page_id=4374"},"modified":"2025-04-04T07:45:09","modified_gmt":"2025-04-04T05:45:09","slug":"obowiazek-informacyjny","status":"publish","type":"page","link":"https:\/\/ekovoltis.pl\/autoinstalator\/wordpressplus\/obowiazek-informacyjny\/","title":{"rendered":"Obowi\u0105zek informacyjny"},"content":{"rendered":"\t\t<div data-elementor-type=\"wp-post\" data-elementor-id=\"4374\" class=\"elementor elementor-4374\" data-elementor-post-type=\"page\">\n\t\t\t\t\t\t<section class=\"elementor-section elementor-top-section elementor-element elementor-element-5474f01 elementor-section-boxed elementor-section-height-default elementor-section-height-default\" data-id=\"5474f01\" data-element_type=\"section\" data-settings=\"{&quot;background_background&quot;:&quot;classic&quot;}\">\n\t\t\t\t\t\t<div class=\"elementor-container elementor-column-gap-default\">\n\t\t\t\t\t<div class=\"elementor-column elementor-col-100 elementor-top-column elementor-element elementor-element-f0c249c\" data-id=\"f0c249c\" data-element_type=\"column\">\n\t\t\t<div class=\"elementor-widget-wrap elementor-element-populated\">\n\t\t\t\t\t\t<div class=\"elementor-element elementor-element-ddaf032 elementor-widget elementor-widget-spacer\" data-id=\"ddaf032\" data-element_type=\"widget\" data-widget_type=\"spacer.default\">\n\t\t\t\t<div class=\"elementor-widget-container\">\n\t\t\t\t\t\t\t<div class=\"elementor-spacer\">\n\t\t\t<div class=\"elementor-spacer-inner\"><\/div>\n\t\t<\/div>\n\t\t\t\t\t\t<\/div>\n\t\t\t\t<\/div>\n\t\t\t\t<section class=\"elementor-section elementor-inner-section elementor-element elementor-element-1fef8c5 elementor-section-boxed elementor-section-height-default elementor-section-height-default\" data-id=\"1fef8c5\" data-element_type=\"section\">\n\t\t\t\t\t\t<div class=\"elementor-container elementor-column-gap-default\">\n\t\t\t\t\t<div class=\"elementor-column elementor-col-33 elementor-inner-column elementor-element elementor-element-31137f9\" data-id=\"31137f9\" data-element_type=\"column\">\n\t\t\t<div class=\"elementor-widget-wrap\">\n\t\t\t\t\t\t\t<\/div>\n\t\t<\/div>\n\t\t\t\t<div class=\"elementor-column elementor-col-33 elementor-inner-column elementor-element elementor-element-b6c27cf\" data-id=\"b6c27cf\" data-element_type=\"column\">\n\t\t\t<div class=\"elementor-widget-wrap elementor-element-populated\">\n\t\t\t\t\t\t<div class=\"elementor-element elementor-element-7c576ba elementor-widget elementor-widget-heading\" data-id=\"7c576ba\" data-element_type=\"widget\" data-widget_type=\"heading.default\">\n\t\t\t\t<div class=\"elementor-widget-container\">\n\t\t\t\t\t<h1 class=\"elementor-heading-title elementor-size-default\">Obowi\u0105zek<br>informacyjny<\/h1>\t\t\t\t<\/div>\n\t\t\t\t<\/div>\n\t\t\t\t<div class=\"elementor-element elementor-element-f301a7b elementor-widget elementor-widget-text-editor\" data-id=\"f301a7b\" data-element_type=\"widget\" data-widget_type=\"text-editor.default\">\n\t\t\t\t<div class=\"elementor-widget-container\">\n\t\t\t\t\t\t\t\t\t<p style=\"text-align: center;\"><span style=\"color: #ffffff; font-size: 80pt;\">\u00b7\u00b7\u00b7<\/span><\/p>\t\t\t\t\t\t\t\t<\/div>\n\t\t\t\t<\/div>\n\t\t\t\t\t<\/div>\n\t\t<\/div>\n\t\t\t\t<div class=\"elementor-column elementor-col-33 elementor-inner-column elementor-element elementor-element-d552009\" data-id=\"d552009\" data-element_type=\"column\">\n\t\t\t<div class=\"elementor-widget-wrap\">\n\t\t\t\t\t\t\t<\/div>\n\t\t<\/div>\n\t\t\t\t\t<\/div>\n\t\t<\/section>\n\t\t\t\t<div class=\"elementor-element elementor-element-3e152cd elementor-widget elementor-widget-spacer\" data-id=\"3e152cd\" data-element_type=\"widget\" data-widget_type=\"spacer.default\">\n\t\t\t\t<div class=\"elementor-widget-container\">\n\t\t\t\t\t\t\t<div class=\"elementor-spacer\">\n\t\t\t<div class=\"elementor-spacer-inner\"><\/div>\n\t\t<\/div>\n\t\t\t\t\t\t<\/div>\n\t\t\t\t<\/div>\n\t\t\t\t\t<\/div>\n\t\t<\/div>\n\t\t\t\t\t<\/div>\n\t\t<\/section>\n\t\t\t\t<section class=\"elementor-section elementor-top-section elementor-element elementor-element-eb85b0e elementor-section-boxed elementor-section-height-default elementor-section-height-default\" data-id=\"eb85b0e\" data-element_type=\"section\" data-settings=\"{&quot;background_background&quot;:&quot;classic&quot;}\">\n\t\t\t\t\t\t<div class=\"elementor-container elementor-column-gap-default\">\n\t\t\t\t\t<div class=\"elementor-column elementor-col-100 elementor-top-column elementor-element elementor-element-ed1bcc9\" data-id=\"ed1bcc9\" data-element_type=\"column\">\n\t\t\t<div class=\"elementor-widget-wrap elementor-element-populated\">\n\t\t\t\t\t\t<div class=\"elementor-element elementor-element-3608d42 elementor-widget elementor-widget-spacer\" data-id=\"3608d42\" data-element_type=\"widget\" data-widget_type=\"spacer.default\">\n\t\t\t\t<div class=\"elementor-widget-container\">\n\t\t\t\t\t\t\t<div class=\"elementor-spacer\">\n\t\t\t<div class=\"elementor-spacer-inner\"><\/div>\n\t\t<\/div>\n\t\t\t\t\t\t<\/div>\n\t\t\t\t<\/div>\n\t\t\t\t<div class=\"elementor-element elementor-element-213ada0 elementor-widget elementor-widget-heading\" data-id=\"213ada0\" data-element_type=\"widget\" data-widget_type=\"heading.default\">\n\t\t\t\t<div class=\"elementor-widget-container\">\n\t\t\t\t\t<h2 class=\"elementor-heading-title elementor-size-default\">Cele i podstawy przetwarzania<\/h2>\t\t\t\t<\/div>\n\t\t\t\t<\/div>\n\t\t\t\t<div class=\"elementor-element elementor-element-9ad32a5 elementor-widget elementor-widget-text-editor\" data-id=\"9ad32a5\" data-element_type=\"widget\" data-widget_type=\"text-editor.default\">\n\t\t\t\t<div class=\"elementor-widget-container\">\n\t\t\t\t\t\t\t\t\t<ol>\n<li>Administratorem Pani\/ Pana danych osobowych jest EKOVOLTIS sp. z o.o.<br>Solidarno\u015bci 36, 25-323 Kielce<em>.<\/em><\/li>\n<li>Przestrzeganie zasad ochrony danych w EKOVOLTIS sp. z o. o. nadzoruje wyznaczony Inspektor Ochrony Danych, z kt\u00f3rym mo\u017cna skontaktowa\u0107 si\u0119 poprzez iod@ekovoltis.pl.<\/li>\n<li>Dane osobowe przetwarzane b\u0119d\u0105 w nast\u0119puj\u0105cym celu i w oparciu o nast\u0119puj\u0105c\u0105 podstaw\u0119 prawn\u0105:<\/li>\n<\/ol>\t\t\t\t\t\t\t\t<\/div>\n\t\t\t\t<\/div>\n\t\t\t\t<div class=\"elementor-element elementor-element-3098d76 elementor-widget elementor-widget-text-editor\" data-id=\"3098d76\" data-element_type=\"widget\" data-widget_type=\"text-editor.default\">\n\t\t\t\t<div class=\"elementor-widget-container\">\n\t\t\t\t\t\t\t\t\t<table style=\"height: 1287px; width: 100%;\"><tbody><tr style=\"height: 75px;\"><td style=\"height: 75px;\" width=\"280\"><center><strong><span style=\"color: #009b8b;\">Cel przetwarzania danych<\/span><\/strong><\/center><\/td><td style=\"height: 75px;\" width=\"280\"><center><strong><span style=\"color: #009b8b;\">Podstawa prawna <br \/>przetwarzania danych<\/span><\/strong><\/center><\/td><\/tr><tr style=\"height: 104px;\"><td style=\"height: 295px;\" rowspan=\"2\" width=\"280\"><div><span lang=\"PL\">Zawarcie oraz realizacja umowy o wsp\u00f3\u0142prac\u0119 (w tym utrzymanie konta U\u017cytkownika eBOK)<\/span><\/div><\/td><td style=\"height: 104px;\" width=\"280\"><div><span lang=\"PL\">art. 6 ust. 1 lit. b) Og\u00f3lnego rozporz\u0105dzenia o ochronie danych <\/span><\/div><div><span lang=\"PL\">(wykonanie umowy)<\/span><\/div><\/td><\/tr><tr style=\"height: 191px;\"><td style=\"height: 191px;\" width=\"280\"><div><span lang=\"PL\">art. 6 ust. 1 lit. f) \u00a0<\/span><span lang=\"PL\">Og\u00f3lnego rozporz\u0105dzenia o ochronie danych \u00a0<\/span><span lang=\"PL\">(prawnie uzasadniony interes \u2013 komunikacja z osobami kontaktowymi w zakresie realizacji umowy)<\/span><\/div><\/td><\/tr><tr style=\"height: 104px;\"><td style=\"height: 208px;\" rowspan=\"2\" width=\"280\"><p>Obs\u0142uga procesu sk\u0142adanych skarg i reklamacji<\/p><\/td><td style=\"height: 104px;\" width=\"280\">art. 6 ust. 1 lit. b) Og\u00f3lnego rozporz\u0105dzenia o ochronie danych (wykonanie umowy)<\/td><\/tr><tr style=\"height: 104px;\"><td style=\"height: 104px;\" width=\"280\">art. 6 ust. 1 lit. c) Og\u00f3lnego rozporz\u0105dzenia o ochronie danych (obowi\u0105zek prawny)<\/td><\/tr><tr style=\"height: 191px;\"><td style=\"height: 191px;\" width=\"280\"><p>Dochodzenie roszcze\u0144 oraz podj\u0119cie dzia\u0142a\u0144 w zwi\u0105zku z procesem windykacji nale\u017cno\u015bci<\/p><\/td><td style=\"height: 191px;\" width=\"280\">art. 6 ust. 1 lit. f) Og\u00f3lnego rozporz\u0105dzenia o ochronie danych (prawnie uzasadniony interes \u2013 dochodzenie roszcze\u0144, podejmowanie dzia\u0142a\u0144 o charakterze windykacyjnym)<\/td><\/tr><tr style=\"height: 178px;\"><td style=\"height: 178px;\" width=\"280\"><p>Marketing bezpo\u015bredni (wys\u0142anie informacji handlowych)<\/p><\/td><td style=\"height: 178px;\" width=\"280\"><p>art. 6 ust. 1 lit f) Og\u00f3lnego rozporz\u0105dzenia o ochronie danych (prawnie uzasadniony interes \u2013 promowanie produkt\u00f3w i us\u0142ug Administratora)<\/p><\/td><\/tr><tr style=\"height: 178px;\"><td style=\"height: 178px;\"><p>Marketing bezpo\u015bredni \u2013 przesy\u0142anie niezam\u00f3wionych informacji handlowych przez e-mail lub telefonowanie na podany numer telefonu<\/p><\/td><td style=\"height: 178px;\"><p>art. 6 ust. 1 lit a) Og\u00f3lnego rozporz\u0105dzenia o ochronie danych (zgoda na kana\u0142y komunikacji marketingowej)<\/p><\/td><\/tr><tr style=\"height: 162px;\"><td style=\"height: 162px;\" width=\"280\"><p>Udzielenie odpowiedzi na wiadomo\u015b\u0107 przes\u0142an\u0105 za pomoc\u0105 formularza kontaktowego<\/p><\/td><td style=\"height: 162px;\" width=\"280\">art. 6 ust. 1 lit. f) Og\u00f3lnego rozporz\u0105dzenia o ochronie danych (prawnie uzasadniony interes \u2013 udzielenie odpowiedzi na wiadomo\u015b\u0107)<\/td><\/tr><\/tbody><\/table>\t\t\t\t\t\t\t\t<\/div>\n\t\t\t\t<\/div>\n\t\t\t\t<div class=\"elementor-element elementor-element-051cf88 elementor-widget elementor-widget-heading\" data-id=\"051cf88\" data-element_type=\"widget\" data-widget_type=\"heading.default\">\n\t\t\t\t<div class=\"elementor-widget-container\">\n\t\t\t\t\t<h2 class=\"elementor-heading-title elementor-size-default\">&#183;&#183;&#183;<\/h2>\t\t\t\t<\/div>\n\t\t\t\t<\/div>\n\t\t\t\t<div class=\"elementor-element elementor-element-68d15df elementor-widget elementor-widget-heading\" data-id=\"68d15df\" data-element_type=\"widget\" data-widget_type=\"heading.default\">\n\t\t\t\t<div class=\"elementor-widget-container\">\n\t\t\t\t\t<h2 class=\"elementor-heading-title elementor-size-default\">Cele i podstawy przetwarzania<\/h2>\t\t\t\t<\/div>\n\t\t\t\t<\/div>\n\t\t\t\t<div class=\"elementor-element elementor-element-99ac717 elementor-widget elementor-widget-text-editor\" data-id=\"99ac717\" data-element_type=\"widget\" data-widget_type=\"text-editor.default\">\n\t\t\t\t<div class=\"elementor-widget-container\">\n\t\t\t\t\t\t\t\t\t<p>Odbiorcami Pani \/ Pana danych osobowych b\u0119dzie sp\u00f3\u0142ka matka MS Galleon GmbH, sp\u00f3\u0142ka FTF Services sp. z o.o., obs\u0142uguj\u0105ca Administratora w zakresie prawnym, ksi\u0119gowym oraz kadrowym, podmioty \u015bwiadcz\u0105ce us\u0142ugi konsultacyjne, audytowe, doradcze, oraz wspieraj\u0105ce Nas w zakresie system\u00f3w informatycznych, a tak\u017ce podmioty upowa\u017cnione do odbioru danych na podstawie przepis\u00f3w prawa.<\/p>\t\t\t\t\t\t\t\t<\/div>\n\t\t\t\t<\/div>\n\t\t\t\t<div class=\"elementor-element elementor-element-34c626a elementor-widget elementor-widget-heading\" data-id=\"34c626a\" data-element_type=\"widget\" data-widget_type=\"heading.default\">\n\t\t\t\t<div class=\"elementor-widget-container\">\n\t\t\t\t\t<h2 class=\"elementor-heading-title elementor-size-default\">Okres przez kt\u00f3ry b\u0119dziemy<br> przetwarza\u0107 Twoje dane<\/h2>\t\t\t\t<\/div>\n\t\t\t\t<\/div>\n\t\t\t\t<div class=\"elementor-element elementor-element-afba591 elementor-widget elementor-widget-text-editor\" data-id=\"afba591\" data-element_type=\"widget\" data-widget_type=\"text-editor.default\">\n\t\t\t\t<div class=\"elementor-widget-container\">\n\t\t\t\t\t\t\t\t\t<p>Okres przechowywania Pani \/ Pana danych osobowych zgromadzonych przez Sp\u00f3\u0142k\u0119 uzale\u017cniony jest od celu, dla kt\u00f3rego Pani \/ Pana dane s\u0105 zbierane, zgodnie z poni\u017cszymi kryteriami:\u00a0<\/p><ol style=\"list-style-type: lower-alpha;\"><li>okres realizacji umowy o wsp\u00f3\u0142prac\u0119 \u2013 w przypadku przetwarzania danych w celu zawarcia oraz realizacji umowy o wsp\u00f3\u0142prac\u0119,<\/li><li>okres niezb\u0119dny do rozpatrzenia z\u0142o\u017conej reklamacji \u2013 w przypadku przetwarzania danych w celu obs\u0142ugi procesu sk\u0142adanych reklamacji<\/li><li>do momentu rozstrzygni\u0119cia sporu \/ rozliczenia stron, z uwzgl\u0119dnieniem w\u0142a\u015bciwych termin\u00f3w przedawnienia roszcze\u0144 \u2013 w przypadku przetwarzania danych w celu dochodzenia roszcze\u0144 i podejmowania dzia\u0142a\u0144 o charakterze windykacyjnym;<\/li><li>do momentu zako\u0144czenia korespondencji \u2013 w przypadku udzielenia odpowiedzi na wiadomo\u015b\u0107 wys\u0142an\u0105 za po\u015brednictwem formularza kontaktowego,<\/li><li>do momentu wniesienia przez sprzeciwu <em>\u2013 <\/em>w przypadku przetwarzania danych osobowych na podstawie art. 6 ust. 1 lit. f) Og\u00f3lnego rozporz\u0105dzenia o ochronie danych,<\/li><li>po okresach wskazanych w pkt a) &#8211; d) przez czas, w kt\u00f3rym przepisy prawa nakazuj\u0105 przechowanie danych lub przez okres przedawnienia ewentualnych roszcze\u0144.<\/li><\/ol>\t\t\t\t\t\t\t\t<\/div>\n\t\t\t\t<\/div>\n\t\t\t\t<div class=\"elementor-element elementor-element-002e157 elementor-widget elementor-widget-heading\" data-id=\"002e157\" data-element_type=\"widget\" data-widget_type=\"heading.default\">\n\t\t\t\t<div class=\"elementor-widget-container\">\n\t\t\t\t\t<h2 class=\"elementor-heading-title elementor-size-default\">Prawa Ci przys\u0142uguj\u0105ce<\/h2>\t\t\t\t<\/div>\n\t\t\t\t<\/div>\n\t\t\t\t<div class=\"elementor-element elementor-element-09abbf5 elementor-widget elementor-widget-text-editor\" data-id=\"09abbf5\" data-element_type=\"widget\" data-widget_type=\"text-editor.default\">\n\t\t\t\t<div class=\"elementor-widget-container\">\n\t\t\t\t\t\t\t\t\t<p>W zwi\u0105zku z przetwarzaniem danych osobowych, przys\u0142uguj\u0105 Pani\/ Panu nast\u0119puj\u0105ce prawa:<\/p><ol style=\"list-style-type: lower-alpha;\"><li>prawo dost\u0119pu do tre\u015bci danych, prawo do sprostowania danych, prawo do usuni\u0119cia danych, prawo do ograniczenia przetwarzania danych,<\/li><li>prawo do przenoszenia danych, w przypadku przetwarzania danych w celu zawarcia oraz realizacji umowy o wsp\u00f3\u0142prac\u0119 oraz obs\u0142ugi procesu sk\u0142adanych reklamacji,<\/li><li>prawo do wniesienia sprzeciwu wobec przetwarzania Pani\/Pana danych osobowych na potrzeby marketingu bezpo\u015bredniego,<\/li><li>prawo do wycofania zgody, w ka\u017cdym czasie. Wycofanie zgody nie wp\u0142ywa na legalno\u015b\u0107 przetwarzania dokonanego przed jej wycofaniem;<\/li><li>prawo do wniesienia skargi do organu nadzorczego (Prezesa Urz\u0119du Ochrony Danych Osobowych) w przypadku uznania, \u017ce przetwarzanie danych osobowych narusza przepisy Og\u00f3lnego rozporz\u0105dzenia o ochronie danych.<\/li><\/ol>\t\t\t\t\t\t\t\t<\/div>\n\t\t\t\t<\/div>\n\t\t\t\t<div class=\"elementor-element elementor-element-8a1dab6 elementor-widget elementor-widget-heading\" data-id=\"8a1dab6\" data-element_type=\"widget\" data-widget_type=\"heading.default\">\n\t\t\t\t<div class=\"elementor-widget-container\">\n\t\t\t\t\t<h2 class=\"elementor-heading-title elementor-size-default\">Informacje o obowi\u0105zku\/dobrowolno\u015bci podania danych<\/h2>\t\t\t\t<\/div>\n\t\t\t\t<\/div>\n\t\t\t\t<div class=\"elementor-element elementor-element-7e33a79 elementor-widget elementor-widget-text-editor\" data-id=\"7e33a79\" data-element_type=\"widget\" data-widget_type=\"text-editor.default\">\n\t\t\t\t<div class=\"elementor-widget-container\">\n\t\t\t\t\t\t\t\t\t<p>Podanie przez Pani\u0105 \/ Pana danych osobowych jest warunkiem zawarcia umowy. Konsekwencj\u0105 niepodania danych jest brak mo\u017cliwo\u015bci nawi\u0105zania wsp\u00f3\u0142pracy mi\u0119dzy Pani\u0105 \/ Panem, a Administratorem. Podanie danych w pozosta\u0142ych celach wskazanych w punkcie Cele i podstawy przetwarzania jest dobrowolne, jednak niezb\u0119dne do ich realizacji.<\/p>\t\t\t\t\t\t\t\t<\/div>\n\t\t\t\t<\/div>\n\t\t\t\t<section class=\"elementor-section elementor-inner-section elementor-element elementor-element-c70aa16 elementor-section-full_width elementor-section-height-default elementor-section-height-default\" data-id=\"c70aa16\" data-element_type=\"section\">\n\t\t\t\t\t\t<div class=\"elementor-container elementor-column-gap-default\">\n\t\t\t\t\t<div class=\"elementor-column elementor-col-50 elementor-inner-column elementor-element elementor-element-c1775ad\" data-id=\"c1775ad\" data-element_type=\"column\">\n\t\t\t<div class=\"elementor-widget-wrap elementor-element-populated\">\n\t\t\t\t\t\t<div class=\"elementor-element elementor-element-5afb9b6 elementor-widget-divider--view-line elementor-widget elementor-widget-divider\" data-id=\"5afb9b6\" data-element_type=\"widget\" data-widget_type=\"divider.default\">\n\t\t\t\t<div class=\"elementor-widget-container\">\n\t\t\t\t\t\t\t<div class=\"elementor-divider\">\n\t\t\t<span class=\"elementor-divider-separator\">\n\t\t\t\t\t\t<\/span>\n\t\t<\/div>\n\t\t\t\t\t\t<\/div>\n\t\t\t\t<\/div>\n\t\t\t\t\t<\/div>\n\t\t<\/div>\n\t\t\t\t<div class=\"elementor-column elementor-col-50 elementor-inner-column elementor-element elementor-element-340d023\" data-id=\"340d023\" data-element_type=\"column\">\n\t\t\t<div class=\"elementor-widget-wrap elementor-element-populated\">\n\t\t\t\t\t\t<div class=\"elementor-element elementor-element-e8d0080 elementor-widget elementor-widget-heading\" data-id=\"e8d0080\" data-element_type=\"widget\" data-widget_type=\"heading.default\">\n\t\t\t\t<div class=\"elementor-widget-container\">\n\t\t\t\t\t<h2 class=\"elementor-heading-title elementor-size-default\">&#183;&#183;&#183;<\/h2>\t\t\t\t<\/div>\n\t\t\t\t<\/div>\n\t\t\t\t\t<\/div>\n\t\t<\/div>\n\t\t\t\t\t<\/div>\n\t\t<\/section>\n\t\t\t\t<div class=\"elementor-element elementor-element-a7a14e4 elementor-widget elementor-widget-spacer\" data-id=\"a7a14e4\" data-element_type=\"widget\" data-widget_type=\"spacer.default\">\n\t\t\t\t<div class=\"elementor-widget-container\">\n\t\t\t\t\t\t\t<div class=\"elementor-spacer\">\n\t\t\t<div class=\"elementor-spacer-inner\"><\/div>\n\t\t<\/div>\n\t\t\t\t\t\t<\/div>\n\t\t\t\t<\/div>\n\t\t\t\t\t<\/div>\n\t\t<\/div>\n\t\t\t\t\t<\/div>\n\t\t<\/section>\n\t\t\t\t<\/div>\n\t\t","protected":false},"excerpt":{"rendered":"<p>Obowi\u0105zekinformacyjny \u00b7\u00b7\u00b7 Cele i podstawy przetwarzania Administratorem Pani\/ Pana danych osobowych jest EKOVOLTIS sp. z o.o.Solidarno\u015bci 36, 25-323 Kielce. Przestrzeganie zasad ochrony danych w EKOVOLTIS sp. z o. o. nadzoruje wyznaczony Inspektor Ochrony Danych, z kt\u00f3rym mo\u017cna skontaktowa\u0107 si\u0119 poprzez iod@ekovoltis.pl. Dane osobowe przetwarzane b\u0119d\u0105 w nast\u0119puj\u0105cym celu i w oparciu o nast\u0119puj\u0105c\u0105 podstaw\u0119 prawn\u0105: [&hellip;]<\/p>\n","protected":false},"author":2,"featured_media":0,"parent":0,"menu_order":0,"comment_status":"closed","ping_status":"closed","template":"","meta":{"site-sidebar-layout":"no-sidebar","site-content-layout":"page-builder","ast-site-content-layout":"default","site-content-style":"default","site-sidebar-style":"default","ast-global-header-display":"","ast-banner-title-visibility":"","ast-main-header-display":"","ast-hfb-above-header-display":"","ast-hfb-below-header-display":"","ast-hfb-mobile-header-display":"","site-post-title":"disabled","ast-breadcrumbs-content":"","ast-featured-img":"disabled","footer-sml-layout":"","theme-transparent-header-meta":"enabled","adv-header-id-meta":"","stick-header-meta":"","header-above-stick-meta":"","header-main-stick-meta":"","header-below-stick-meta":"","astra-migrate-meta-layouts":"default","ast-page-background-enabled":"default","ast-page-background-meta":{"desktop":{"background-color":"","background-image":"","background-repeat":"repeat","background-position":"center center","background-size":"auto","background-attachment":"scroll","background-type":"","background-media":"","overlay-type":"","overlay-color":"","overlay-opacity":"","overlay-gradient":""},"tablet":{"background-color":"","background-image":"","background-repeat":"repeat","background-position":"center center","background-size":"auto","background-attachment":"scroll","background-type":"","background-media":"","overlay-type":"","overlay-color":"","overlay-opacity":"","overlay-gradient":""},"mobile":{"background-color":"","background-image":"","background-repeat":"repeat","background-position":"center center","background-size":"auto","background-attachment":"scroll","background-type":"","background-media":"","overlay-type":"","overlay-color":"","overlay-opacity":"","overlay-gradient":""}},"ast-content-background-meta":{"desktop":{"background-color":"var(--ast-global-color-5)","background-image":"","background-repeat":"repeat","background-position":"center center","background-size":"auto","background-attachment":"scroll","background-type":"","background-media":"","overlay-type":"","overlay-color":"","overlay-opacity":"","overlay-gradient":""},"tablet":{"background-color":"var(--ast-global-color-5)","background-image":"","background-repeat":"repeat","background-position":"center center","background-size":"auto","background-attachment":"scroll","background-type":"","background-media":"","overlay-type":"","overlay-color":"","overlay-opacity":"","overlay-gradient":""},"mobile":{"background-color":"var(--ast-global-color-5)","background-image":"","background-repeat":"repeat","background-position":"center center","background-size":"auto","background-attachment":"scroll","background-type":"","background-media":"","overlay-type":"","overlay-color":"","overlay-opacity":"","overlay-gradient":""}},"footnotes":""},"class_list":["post-4374","page","type-page","status-publish","hentry"],"acf":[],"_links":{"self":[{"href":"https:\/\/ekovoltis.pl\/autoinstalator\/wordpressplus\/wp-json\/wp\/v2\/pages\/4374","targetHints":{"allow":["GET"]}}],"collection":[{"href":"https:\/\/ekovoltis.pl\/autoinstalator\/wordpressplus\/wp-json\/wp\/v2\/pages"}],"about":[{"href":"https:\/\/ekovoltis.pl\/autoinstalator\/wordpressplus\/wp-json\/wp\/v2\/types\/page"}],"author":[{"embeddable":true,"href":"https:\/\/ekovoltis.pl\/autoinstalator\/wordpressplus\/wp-json\/wp\/v2\/users\/2"}],"replies":[{"embeddable":true,"href":"https:\/\/ekovoltis.pl\/autoinstalator\/wordpressplus\/wp-json\/wp\/v2\/comments?post=4374"}],"version-history":[{"count":16,"href":"https:\/\/ekovoltis.pl\/autoinstalator\/wordpressplus\/wp-json\/wp\/v2\/pages\/4374\/revisions"}],"predecessor-version":[{"id":20327,"href":"https:\/\/ekovoltis.pl\/autoinstalator\/wordpressplus\/wp-json\/wp\/v2\/pages\/4374\/revisions\/20327"}],"wp:attachment":[{"href":"https:\/\/ekovoltis.pl\/autoinstalator\/wordpressplus\/wp-json\/wp\/v2\/media?parent=4374"}],"curies":[{"name":"wp","href":"https:\/\/api.w.org\/{rel}","templated":true}]}}