{"id":8542,"date":"2024-07-19T11:40:10","date_gmt":"2024-07-19T09:40:10","guid":{"rendered":"https:\/\/ekovoltis.pl\/autoinstalator\/wordpressplus\/?page_id=8542"},"modified":"2025-07-17T14:48:51","modified_gmt":"2025-07-17T12:48:51","slug":"zarzad","status":"publish","type":"page","link":"https:\/\/ekovoltis.pl\/autoinstalator\/wordpressplus\/zarzad\/","title":{"rendered":"Zarz\u0105d"},"content":{"rendered":"\t\t<div data-elementor-type=\"wp-page\" data-elementor-id=\"8542\" class=\"elementor elementor-8542\" data-elementor-post-type=\"page\">\n\t\t\t\t\t\t<section class=\"elementor-section elementor-top-section elementor-element elementor-element-1f7467f elementor-section-boxed elementor-section-height-default elementor-section-height-default\" data-id=\"1f7467f\" data-element_type=\"section\" data-settings=\"{&quot;background_background&quot;:&quot;classic&quot;}\">\n\t\t\t\t\t\t<div class=\"elementor-container elementor-column-gap-default\">\n\t\t\t\t\t<div class=\"elementor-column elementor-col-100 elementor-top-column elementor-element elementor-element-42bc48f\" data-id=\"42bc48f\" data-element_type=\"column\">\n\t\t\t<div class=\"elementor-widget-wrap elementor-element-populated\">\n\t\t\t\t\t\t<div class=\"elementor-element elementor-element-ce74e46 elementor-widget elementor-widget-spacer\" data-id=\"ce74e46\" data-element_type=\"widget\" data-widget_type=\"spacer.default\">\n\t\t\t\t<div class=\"elementor-widget-container\">\n\t\t\t\t\t\t\t<div class=\"elementor-spacer\">\n\t\t\t<div class=\"elementor-spacer-inner\"><\/div>\n\t\t<\/div>\n\t\t\t\t\t\t<\/div>\n\t\t\t\t<\/div>\n\t\t\t\t<div class=\"elementor-element elementor-element-7598d85 elementor-widget elementor-widget-heading\" data-id=\"7598d85\" data-element_type=\"widget\" data-widget_type=\"heading.default\">\n\t\t\t\t<div class=\"elementor-widget-container\">\n\t\t\t\t\t<h1 class=\"elementor-heading-title elementor-size-default\">Zarz\u0105d Ekovoltis<\/h1>\t\t\t\t<\/div>\n\t\t\t\t<\/div>\n\t\t\t\t<div class=\"elementor-element elementor-element-ffb11fc elementor-widget elementor-widget-spacer\" data-id=\"ffb11fc\" data-element_type=\"widget\" data-widget_type=\"spacer.default\">\n\t\t\t\t<div class=\"elementor-widget-container\">\n\t\t\t\t\t\t\t<div class=\"elementor-spacer\">\n\t\t\t<div class=\"elementor-spacer-inner\"><\/div>\n\t\t<\/div>\n\t\t\t\t\t\t<\/div>\n\t\t\t\t<\/div>\n\t\t\t\t<section class=\"elementor-section elementor-inner-section elementor-element elementor-element-10da3b0 elementor-section-boxed elementor-section-height-default elementor-section-height-default\" data-id=\"10da3b0\" data-element_type=\"section\">\n\t\t\t\t\t\t<div class=\"elementor-container elementor-column-gap-default\">\n\t\t\t\t\t<div class=\"elementor-column elementor-col-50 elementor-inner-column elementor-element elementor-element-55f5b34\" data-id=\"55f5b34\" data-element_type=\"column\">\n\t\t\t<div class=\"elementor-widget-wrap elementor-element-populated\">\n\t\t\t\t\t\t<div class=\"elementor-element elementor-element-66db693 elementor-widget elementor-widget-image\" data-id=\"66db693\" data-element_type=\"widget\" data-widget_type=\"image.default\">\n\t\t\t\t<div class=\"elementor-widget-container\">\n\t\t\t\t\t\t\t\t\t\t\t\t\t\t\t<img fetchpriority=\"high\" decoding=\"async\" width=\"800\" height=\"800\" src=\"https:\/\/ekovoltis.pl\/autoinstalator\/wordpressplus\/wp-content\/uploads\/2025\/07\/Projekt-bez-nazwy-9.jpg\" class=\"attachment-full size-full wp-image-23683\" alt=\"\" srcset=\"https:\/\/ekovoltis.pl\/autoinstalator\/wordpressplus\/wp-content\/uploads\/2025\/07\/Projekt-bez-nazwy-9.jpg 800w, https:\/\/ekovoltis.pl\/autoinstalator\/wordpressplus\/wp-content\/uploads\/2025\/07\/Projekt-bez-nazwy-9-300x300.jpg 300w, https:\/\/ekovoltis.pl\/autoinstalator\/wordpressplus\/wp-content\/uploads\/2025\/07\/Projekt-bez-nazwy-9-150x150.jpg 150w, https:\/\/ekovoltis.pl\/autoinstalator\/wordpressplus\/wp-content\/uploads\/2025\/07\/Projekt-bez-nazwy-9-768x768.jpg 768w\" sizes=\"(max-width: 800px) 100vw, 800px\" \/>\t\t\t\t\t\t\t\t\t\t\t\t\t\t\t<\/div>\n\t\t\t\t<\/div>\n\t\t\t\t\t<\/div>\n\t\t<\/div>\n\t\t\t\t<div class=\"elementor-column elementor-col-50 elementor-inner-column elementor-element elementor-element-564276d\" data-id=\"564276d\" data-element_type=\"column\">\n\t\t\t<div class=\"elementor-widget-wrap elementor-element-populated\">\n\t\t\t\t\t\t<div class=\"elementor-element elementor-element-2dbb27d elementor-widget elementor-widget-text-editor\" data-id=\"2dbb27d\" data-element_type=\"widget\" data-widget_type=\"text-editor.default\">\n\t\t\t\t<div class=\"elementor-widget-container\">\n\t\t\t\t\t\t\t\t\t<p class=\"x_p1\"><strong>Piotr Ostaszewski \u2013 Prezes Zarz\u0105du<\/strong><\/p><p class=\"x_p2\">Piotr Ostaszewski<b>\u00a0<\/b>od ponad 12 lat jest zwi\u0105zany z bran\u017c\u0105 energetyczn\u0105. Posiada bogate do\u015bwiadczenie w zarz\u0105dzaniu du\u017cymi firmami produkcyjnymi i handlowymi. Od 2013 roku pe\u0142ni\u0142 funkcj\u0119 CEO w Energii dla Firm, gdzie z sukcesem zwi\u0119kszy\u0142 baz\u0119 klient\u00f3w do 44 000 oraz rozwin\u0105\u0142 wysoko wydajny zesp\u00f3\u0142 sprzeda\u017cowy. Jako Cz\u0142onek Zarz\u0105du w Respect Energy S.A., aktywnie przyczynia\u0142 si\u0119 do rozwoju firmy na rynku energii odnawialnej.<\/p><p class=\"x_p2\">Piotr uko\u0144czy\u0142 kierunek Zarz\u0105dzanie na Uniwersytecie Warszawskim. Jego pasj\u0105 jest implementacja innowacyjnych rozwi\u0105za\u0144 opartych na sztucznej inteligencji, kt\u00f3re wspieraj\u0105 optymalizacj\u0119 proces\u00f3w, zwi\u0119kszaj\u0105 efektywno\u015b\u0107 operacyjn\u0105 oraz umo\u017cliwiaj\u0105 bardziej precyzyjne monitorowanie i zarz\u0105dzanie.<\/p>\t\t\t\t\t\t\t\t<\/div>\n\t\t\t\t<\/div>\n\t\t\t\t\t<\/div>\n\t\t<\/div>\n\t\t\t\t\t<\/div>\n\t\t<\/section>\n\t\t\t\t<div class=\"elementor-element elementor-element-e2ce690 elementor-widget elementor-widget-spacer\" data-id=\"e2ce690\" data-element_type=\"widget\" data-widget_type=\"spacer.default\">\n\t\t\t\t<div class=\"elementor-widget-container\">\n\t\t\t\t\t\t\t<div class=\"elementor-spacer\">\n\t\t\t<div class=\"elementor-spacer-inner\"><\/div>\n\t\t<\/div>\n\t\t\t\t\t\t<\/div>\n\t\t\t\t<\/div>\n\t\t\t\t<section class=\"elementor-section elementor-inner-section elementor-element elementor-element-bde4ee7 elementor-section-boxed elementor-section-height-default elementor-section-height-default\" data-id=\"bde4ee7\" data-element_type=\"section\">\n\t\t\t\t\t\t<div class=\"elementor-container elementor-column-gap-default\">\n\t\t\t\t\t<div class=\"elementor-column elementor-col-50 elementor-inner-column elementor-element elementor-element-2d6ec66\" data-id=\"2d6ec66\" data-element_type=\"column\">\n\t\t\t<div class=\"elementor-widget-wrap elementor-element-populated\">\n\t\t\t\t\t\t<div class=\"elementor-element elementor-element-5928879 elementor-widget elementor-widget-image\" data-id=\"5928879\" data-element_type=\"widget\" data-widget_type=\"image.default\">\n\t\t\t\t<div class=\"elementor-widget-container\">\n\t\t\t\t\t\t\t\t\t\t\t\t\t\t\t<img decoding=\"async\" width=\"1966\" height=\"2560\" src=\"https:\/\/ekovoltis.pl\/autoinstalator\/wordpressplus\/wp-content\/uploads\/2024\/08\/GBR3-kopia-scaled.jpg\" class=\"attachment-full size-full wp-image-10969\" alt=\"\" srcset=\"https:\/\/ekovoltis.pl\/autoinstalator\/wordpressplus\/wp-content\/uploads\/2024\/08\/GBR3-kopia-scaled.jpg 1966w, https:\/\/ekovoltis.pl\/autoinstalator\/wordpressplus\/wp-content\/uploads\/2024\/08\/GBR3-kopia-230x300.jpg 230w, https:\/\/ekovoltis.pl\/autoinstalator\/wordpressplus\/wp-content\/uploads\/2024\/08\/GBR3-kopia-786x1024.jpg 786w, https:\/\/ekovoltis.pl\/autoinstalator\/wordpressplus\/wp-content\/uploads\/2024\/08\/GBR3-kopia-768x1000.jpg 768w, https:\/\/ekovoltis.pl\/autoinstalator\/wordpressplus\/wp-content\/uploads\/2024\/08\/GBR3-kopia-1180x1536.jpg 1180w, https:\/\/ekovoltis.pl\/autoinstalator\/wordpressplus\/wp-content\/uploads\/2024\/08\/GBR3-kopia-1573x2048.jpg 1573w\" sizes=\"(max-width: 1966px) 100vw, 1966px\" \/>\t\t\t\t\t\t\t\t\t\t\t\t\t\t\t<\/div>\n\t\t\t\t<\/div>\n\t\t\t\t\t<\/div>\n\t\t<\/div>\n\t\t\t\t<div class=\"elementor-column elementor-col-50 elementor-inner-column elementor-element elementor-element-cc22617\" data-id=\"cc22617\" data-element_type=\"column\">\n\t\t\t<div class=\"elementor-widget-wrap elementor-element-populated\">\n\t\t\t\t\t\t<div class=\"elementor-element elementor-element-ab63487 elementor-widget elementor-widget-text-editor\" data-id=\"ab63487\" data-element_type=\"widget\" data-widget_type=\"text-editor.default\">\n\t\t\t\t<div class=\"elementor-widget-container\">\n\t\t\t\t\t\t\t\t\t<p class=\"x_MsoNormal\"><strong>Grzegorz Bruski &#8211; Wiceprezes Zarz\u0105du<\/strong><\/p>\n<p>Grzegorz Bruski, zwi\u0105zany z bran\u017c\u0105 energetyczn\u0105 od ponad dekady, od 2013 roku pe\u0142ni\u0142 rol\u0119 Prezesa Zarz\u0105du Energetycznego Centrum, wiod\u0105cego niezale\u017cnego sprzedawcy energii i gazu w Polsce dla sektora B2C. Jako Cz\u0142onek Zarz\u0105du w Respect Energy S.A., mia\u0142 kluczowy wk\u0142ad w opracowanie i realizacj\u0119 strategii sprzeda\u017cowo-marketingowej.<\/p>\n<p>Grzegorz posiada szerokie do\u015bwiadczenie w zarz\u0105dzaniu zespo\u0142ami sprzeda\u017cowymi, kt\u00f3re zdobywa\u0142 ju\u017c w pocz\u0105tkowych latach swojej kariery w Canal+\/Cyfra+ w Polsce, gdzie z powodzeniem rozwija\u0142 kluczowe segmenty rynku.<\/p>\t\t\t\t\t\t\t\t<\/div>\n\t\t\t\t<\/div>\n\t\t\t\t<div class=\"elementor-element elementor-element-74a1bc6 elementor-widget elementor-widget-spacer\" data-id=\"74a1bc6\" data-element_type=\"widget\" data-widget_type=\"spacer.default\">\n\t\t\t\t<div class=\"elementor-widget-container\">\n\t\t\t\t\t\t\t<div class=\"elementor-spacer\">\n\t\t\t<div class=\"elementor-spacer-inner\"><\/div>\n\t\t<\/div>\n\t\t\t\t\t\t<\/div>\n\t\t\t\t<\/div>\n\t\t\t\t\t<\/div>\n\t\t<\/div>\n\t\t\t\t\t<\/div>\n\t\t<\/section>\n\t\t\t\t<section class=\"elementor-section elementor-inner-section elementor-element elementor-element-4a77ea6 elementor-section-boxed elementor-section-height-default elementor-section-height-default\" data-id=\"4a77ea6\" data-element_type=\"section\">\n\t\t\t\t\t\t<div class=\"elementor-container elementor-column-gap-default\">\n\t\t\t\t\t<div class=\"elementor-column elementor-col-50 elementor-inner-column elementor-element elementor-element-661b145\" data-id=\"661b145\" data-element_type=\"column\">\n\t\t\t<div class=\"elementor-widget-wrap elementor-element-populated\">\n\t\t\t\t\t\t<div class=\"elementor-element elementor-element-397aee2 elementor-widget elementor-widget-image\" data-id=\"397aee2\" data-element_type=\"widget\" data-widget_type=\"image.default\">\n\t\t\t\t<div class=\"elementor-widget-container\">\n\t\t\t\t\t\t\t\t\t\t\t\t\t\t\t<img decoding=\"async\" width=\"1188\" height=\"1158\" src=\"https:\/\/ekovoltis.pl\/autoinstalator\/wordpressplus\/wp-content\/uploads\/2024\/07\/Bartosz--e1721382392586.png\" class=\"attachment-full size-full wp-image-8544\" alt=\"\" srcset=\"https:\/\/ekovoltis.pl\/autoinstalator\/wordpressplus\/wp-content\/uploads\/2024\/07\/Bartosz--e1721382392586.png 1188w, https:\/\/ekovoltis.pl\/autoinstalator\/wordpressplus\/wp-content\/uploads\/2024\/07\/Bartosz--e1721382392586-300x292.png 300w, https:\/\/ekovoltis.pl\/autoinstalator\/wordpressplus\/wp-content\/uploads\/2024\/07\/Bartosz--e1721382392586-1024x998.png 1024w, https:\/\/ekovoltis.pl\/autoinstalator\/wordpressplus\/wp-content\/uploads\/2024\/07\/Bartosz--e1721382392586-768x749.png 768w\" sizes=\"(max-width: 1188px) 100vw, 1188px\" \/>\t\t\t\t\t\t\t\t\t\t\t\t\t\t\t<\/div>\n\t\t\t\t<\/div>\n\t\t\t\t\t<\/div>\n\t\t<\/div>\n\t\t\t\t<div class=\"elementor-column elementor-col-50 elementor-inner-column elementor-element elementor-element-5984a60\" data-id=\"5984a60\" data-element_type=\"column\">\n\t\t\t<div class=\"elementor-widget-wrap elementor-element-populated\">\n\t\t\t\t\t\t<div class=\"elementor-element elementor-element-09108ad elementor-widget elementor-widget-text-editor\" data-id=\"09108ad\" data-element_type=\"widget\" data-widget_type=\"text-editor.default\">\n\t\t\t\t<div class=\"elementor-widget-container\">\n\t\t\t\t\t\t\t\t\t<p class=\"x_MsoNormal\"><strong>Bart\u0142omiej Kalisiewicz \u2013 Cz\u0142onek Zarz\u0105du \u2013 Chief Trading &amp; Risk Officer<\/strong><br \/><br \/>Bart\u0142omiej Kalisiewicz posiada bogate do\u015bwiadczenie w doradztwie dla czo\u0142owych globalnych przedsi\u0119biorstw energetycznych i przemys\u0142owych. Przez ostatnie lata pe\u0142ni\u0142 kluczow\u0105 rol\u0119 w firmie McKinsey &amp; Company, gdzie w ramach Commodity Trading Service Line doradza\u0142 klientom w zakresie handlu towarowego, ryzyka, strategii oraz operacji. Jego do\u015bwiadczenie obejmuje r\u00f3wnie\u017c zarz\u0105dzanie portfelami energii elektrycznej i CO2, zdobyte podczas pracy w PGE S.A.\u00a0<\/p><p class=\"x_MsoNormal\">Bart\u0142omiej jest absolwentem Politechniki Warszawskiej, gdzie uko\u0144czy\u0142 kierunek Elektrotechnika, oraz Szko\u0142y G\u0142\u00f3wnej Handlowej, gdzie zdoby\u0142 wykszta\u0142cenie w dziedzinie finans\u00f3w. Jego do\u015bwiadczenie i wiedza wzmocni\u0105 kompetencje Ekovoltis w obszarze handlu i zarz\u0105dzania ryzykiem w dynamicznie zmieniaj\u0105cym si\u0119 \u015brodowisku rynku energii.<\/p>\t\t\t\t\t\t\t\t<\/div>\n\t\t\t\t<\/div>\n\t\t\t\t\t<\/div>\n\t\t<\/div>\n\t\t\t\t\t<\/div>\n\t\t<\/section>\n\t\t\t\t\t<\/div>\n\t\t<\/div>\n\t\t\t\t\t<\/div>\n\t\t<\/section>\n\t\t\t\t<\/div>\n\t\t","protected":false},"excerpt":{"rendered":"<p>Zarz\u0105d Ekovoltis Piotr Ostaszewski \u2013 Prezes Zarz\u0105du Piotr Ostaszewski\u00a0od ponad 12 lat jest zwi\u0105zany z bran\u017c\u0105 energetyczn\u0105. Posiada bogate do\u015bwiadczenie w zarz\u0105dzaniu du\u017cymi firmami produkcyjnymi i handlowymi. Od 2013 roku pe\u0142ni\u0142 funkcj\u0119 CEO w Energii dla Firm, gdzie z sukcesem zwi\u0119kszy\u0142 baz\u0119 klient\u00f3w do 44 000 oraz rozwin\u0105\u0142 wysoko wydajny zesp\u00f3\u0142 sprzeda\u017cowy. Jako Cz\u0142onek Zarz\u0105du [&hellip;]<\/p>\n","protected":false},"author":2,"featured_media":0,"parent":0,"menu_order":0,"comment_status":"closed","ping_status":"closed","template":"","meta":{"site-sidebar-layout":"no-sidebar","site-content-layout":"page-builder","ast-site-content-layout":"default","site-content-style":"default","site-sidebar-style":"default","ast-global-header-display":"","ast-banner-title-visibility":"","ast-main-header-display":"","ast-hfb-above-header-display":"","ast-hfb-below-header-display":"","ast-hfb-mobile-header-display":"","site-post-title":"disabled","ast-breadcrumbs-content":"","ast-featured-img":"disabled","footer-sml-layout":"","theme-transparent-header-meta":"","adv-header-id-meta":"","stick-header-meta":"","header-above-stick-meta":"","header-main-stick-meta":"","header-below-stick-meta":"","astra-migrate-meta-layouts":"default","ast-page-background-enabled":"default","ast-page-background-meta":{"desktop":{"background-color":"","background-image":"","background-repeat":"repeat","background-position":"center center","background-size":"auto","background-attachment":"scroll","background-type":"","background-media":"","overlay-type":"","overlay-color":"","overlay-opacity":"","overlay-gradient":""},"tablet":{"background-color":"","background-image":"","background-repeat":"repeat","background-position":"center center","background-size":"auto","background-attachment":"scroll","background-type":"","background-media":"","overlay-type":"","overlay-color":"","overlay-opacity":"","overlay-gradient":""},"mobile":{"background-color":"","background-image":"","background-repeat":"repeat","background-position":"center center","background-size":"auto","background-attachment":"scroll","background-type":"","background-media":"","overlay-type":"","overlay-color":"","overlay-opacity":"","overlay-gradient":""}},"ast-content-background-meta":{"desktop":{"background-color":"var(--ast-global-color-5)","background-image":"","background-repeat":"repeat","background-position":"center center","background-size":"auto","background-attachment":"scroll","background-type":"","background-media":"","overlay-type":"","overlay-color":"","overlay-opacity":"","overlay-gradient":""},"tablet":{"background-color":"var(--ast-global-color-5)","background-image":"","background-repeat":"repeat","background-position":"center center","background-size":"auto","background-attachment":"scroll","background-type":"","background-media":"","overlay-type":"","overlay-color":"","overlay-opacity":"","overlay-gradient":""},"mobile":{"background-color":"var(--ast-global-color-5)","background-image":"","background-repeat":"repeat","background-position":"center center","background-size":"auto","background-attachment":"scroll","background-type":"","background-media":"","overlay-type":"","overlay-color":"","overlay-opacity":"","overlay-gradient":""}},"footnotes":""},"class_list":["post-8542","page","type-page","status-publish","hentry"],"acf":[],"_links":{"self":[{"href":"https:\/\/ekovoltis.pl\/autoinstalator\/wordpressplus\/wp-json\/wp\/v2\/pages\/8542","targetHints":{"allow":["GET"]}}],"collection":[{"href":"https:\/\/ekovoltis.pl\/autoinstalator\/wordpressplus\/wp-json\/wp\/v2\/pages"}],"about":[{"href":"https:\/\/ekovoltis.pl\/autoinstalator\/wordpressplus\/wp-json\/wp\/v2\/types\/page"}],"author":[{"embeddable":true,"href":"https:\/\/ekovoltis.pl\/autoinstalator\/wordpressplus\/wp-json\/wp\/v2\/users\/2"}],"replies":[{"embeddable":true,"href":"https:\/\/ekovoltis.pl\/autoinstalator\/wordpressplus\/wp-json\/wp\/v2\/comments?post=8542"}],"version-history":[{"count":33,"href":"https:\/\/ekovoltis.pl\/autoinstalator\/wordpressplus\/wp-json\/wp\/v2\/pages\/8542\/revisions"}],"predecessor-version":[{"id":23686,"href":"https:\/\/ekovoltis.pl\/autoinstalator\/wordpressplus\/wp-json\/wp\/v2\/pages\/8542\/revisions\/23686"}],"wp:attachment":[{"href":"https:\/\/ekovoltis.pl\/autoinstalator\/wordpressplus\/wp-json\/wp\/v2\/media?parent=8542"}],"curies":[{"name":"wp","href":"https:\/\/api.w.org\/{rel}","templated":true}]}}